{"id":39384,"date":"2025-07-30T18:48:56","date_gmt":"2025-07-30T16:48:56","guid":{"rendered":"https:\/\/www.romeing.it\/shop\/terms-conditions\/"},"modified":"2025-08-08T18:15:56","modified_gmt":"2025-08-08T16:15:56","slug":"terms-conditions","status":"publish","type":"page","link":"https:\/\/www.romeing.it\/shop\/it\/terms-conditions\/","title":{"rendered":"Termini e Condizioni di Servizio"},"content":{"rendered":"\t\t<div data-elementor-type=\"wp-page\" data-elementor-id=\"39384\" class=\"elementor elementor-39384 elementor-38916\" data-elementor-post-type=\"page\">\n\t\t\t\t<div class=\"elementor-element elementor-element-c56f8d7 e-flex e-con-boxed e-con e-parent\" data-id=\"c56f8d7\" data-element_type=\"container\" data-e-type=\"container\">\n\t\t\t\t\t<div class=\"e-con-inner\">\n\t\t\t\t<div class=\"elementor-element elementor-element-866971a elementor-widget elementor-widget-breadcrumbs\" data-id=\"866971a\" data-element_type=\"widget\" data-e-type=\"widget\" data-widget_type=\"breadcrumbs.default\">\n\t\t\t\t\t<p id=\"breadcrumbs\"><span><span><a href=\"https:\/\/www.romeing.it\/shop\/it\/\">Home<\/a><\/span><\/span><\/p>\t\t\t\t<\/div>\n\t\t\t\t<div class=\"elementor-element elementor-element-1bab7f7 elementor-widget elementor-widget-heading\" data-id=\"1bab7f7\" data-element_type=\"widget\" data-e-type=\"widget\" data-widget_type=\"heading.default\">\n\t\t\t\t\t<h1 class=\"elementor-heading-title elementor-size-default\">Termini e Condizioni di Servizio<\/h1>\t\t\t\t<\/div>\n\t\t\t\t<div class=\"elementor-element elementor-element-3b2a0f3 elementor-widget elementor-widget-text-editor\" data-id=\"3b2a0f3\" data-element_type=\"widget\" data-e-type=\"widget\" data-widget_type=\"text-editor.default\">\n\t\t\t\t\t\t\t\t\t<h2><strong>Definizioni:<\/strong><\/h2><p>&#8220;<strong>Romeing<\/strong>&#8221; \u2013 indica il promotore che vende beni e servizi attraverso il sito web www.romeing.it\/shop<\/p><p>&#8220;<strong>Conferma di Prenotazione<\/strong>&#8221; &#8211; indica la ricevuta di conferma fornita da noi al Cliente al momento della prenotazione quando il denaro viene ricevuto;<\/p><p>&#8220;<strong>Cliente<\/strong>&#8221; &#8211; indica le persone registrate nel modulo di prenotazione<\/p><p>&#8220;<strong>Servizi<\/strong>&#8221; indica quelle attivit\u00e0 fornite dai nostri Fornitori che possono essere acquistate sul sito web di Romeing<\/p><p>&#8220;<strong>Fornitore<\/strong>&#8221; &#8211; indica la parte contraente riconosciuta utilizzata per svolgere un&#8217;attivit\u00e0, luogo o servizio;<\/p><p>Questo sito web \u00e8 gestito da Romeing. Visitando il nostro sito e acquistando Servizi da noi, accetti di essere vincolato dai seguenti termini e condizioni (&#8220;Termini di Servizio&#8221;, &#8220;Termini&#8221;), inclusi quei termini e condizioni e politiche aggiuntive qui referenziati e\/o disponibili tramite collegamento ipertestuale. Questi Termini di Servizio si applicano a tutti gli utenti del sito.<\/p><p>Qualsiasi nuovo Servizio che venga aggiunto all&#8217;offerta corrente sar\u00e0 anch&#8217;esso soggetto ai Termini di Servizio. Puoi rivedere la versione pi\u00f9 aggiornata dei Termini di Servizio in qualsiasi momento su questa pagina. Ci riserviamo il diritto di aggiornare, modificare o sostituire qualsiasi parte di questi Termini di Servizio pubblicando aggiornamenti e\/o modifiche sul nostro sito web. \u00c8 tua responsabilit\u00e0 controllare periodicamente questa pagina per eventuali modifiche.<\/p><h2>SEZIONE 1 &#8211; SERVIZI<\/h2><p><strong>Romeing ha selezionato Fornitori tra i tour operator pi\u00f9 affidabili e <\/strong>fornitori di Esperienze, Eventi o altri Servizi sul mercato ma poich\u00e9 la nostra azienda non \u00e8 registrata come tour operator e non \u00e8 il fornitore dell&#8217;attivit\u00e0 acquistata, i Fornitori<strong> sono gli unici responsabili per le Esperienze, Eventi o altri Servizi di trasporto che sono elencati sul sito web di Romeing<\/strong>. Romeing fornisce solo la possibilit\u00e0 di prenotare attraverso il suo sito web e non \u00e8 esso stesso un operatore o fornitore di tour, attivit\u00e0, servizi di trasporto, Esperienze, Eventi o altri Servizi. Romeing non fornisce, gestisce e\/o controlla nessuna di tali Esperienze o altri Servizi pertanto le responsabilit\u00e0 di Romeing sono limitate a rendere disponibile la prenotazione attraverso la nostra Piattaforma e al rimborso in caso di cancellazione secondo i termini seguenti<\/p><p><strong>I siti web di Romeing consentono ai clienti di acquistare determinati servizi e beni da fornitori terzi.<\/strong><\/p><p><strong>Romeing non possiede, crea, controlla, gestisce, consegna o fornisce nessuno dei Servizi e beni visualizzati sul sito web, n\u00e9 Romeing \u00e8 un organizzatore o rivenditore dei servizi offerti sul sito web<\/strong><\/p><p>Come cliente dovresti rivedere attentamente la descrizione di qualsiasi Servizio o Esperienza che intendi prenotare per assicurarti di soddisfare qualsiasi et\u00e0 minima poich\u00e9 alcune leggi, come ad esempio l&#8217;et\u00e0 minima legale per bere, la patente di guida ecc.<\/p><p>Sei responsabile di identificare, comprendere e rispettare tutte le leggi, regole e regolamenti che si applicano alla tua partecipazione a un&#8217;Esperienza.<\/p><h2>SEZIONE 2 &#8211; ACCURATEZZA, COMPLETEZZA E TEMPESTIVIT\u00c0 DELLE INFORMAZIONI<\/h2><p>Tutte le informazioni sui servizi sono accurate ma non siamo responsabili se le informazioni rese disponibili su questo sito non sono completamente aggiornate. Ci riserviamo il diritto di modificare i contenuti di questo sito in qualsiasi momento, ma non abbiamo alcun obbligo di aggiornare alcuna informazione sul nostro sito. Accetti che \u00e8 tua responsabilit\u00e0 monitorare le modifiche al nostro sito.<\/p><h2>SEZIONE 3 &#8211; MODIFICHE AL SERVIZIO E AI PREZZI<\/h2><p>I prezzi per i nostri Servizi potrebbero cambiare senza preavviso. Se hai gi\u00e0 acquistato un Servizio il tuo prezzo non cambier\u00e0.<\/p><p>Ci riserviamo il diritto in qualsiasi momento di modificare o interrompere il Servizio (o qualsiasi parte o contenuto dello stesso) senza preavviso in qualsiasi momento.<\/p><p>Non saremo responsabili nei tuoi confronti o verso terzi per qualsiasi modifica, variazione di prezzo, sospensione o interruzione del Servizio.<\/p><h2>SEZIONE 4 &#8211; SERVIZI<\/h2><p>I servizi possono avere quantit\u00e0 limitate e sono soggetti a cancellazione solo secondo la nostra Politica di Cancellazione.<\/p><p>Abbiamo fatto ogni sforzo per descrivere nel modo pi\u00f9 accurato possibile i Servizi ma non possiamo garantire che piccole modifiche possano essere offerte dal Fornitore.<\/p><p>Tutte le descrizioni dei Servizi o i prezzi dei Servizi sono soggetti a modifiche in qualsiasi momento senza preavviso, a sola discrezione di Romeing. Ci riserviamo il diritto di interrompere qualsiasi Servizio in qualsiasi momento.<\/p><p>Non garantiamo che la qualit\u00e0 di qualsiasi Servizio, informazione o altro materiale acquistato da te soddisfer\u00e0 le tue aspettative.<\/p><h2>SEZIONE 5 &#8211; ACCURATEZZA DELLE INFORMAZIONI DI FATTURAZIONE E ACCOUNT<\/h2><p>Ci riserviamo il diritto di rifiutare qualsiasi ordine che effettui con noi. Possiamo, a nostra esclusiva discrezione, limitare o annullare le quantit\u00e0 acquistate se si \u00e8 verificato un errore. Accetti di fornire informazioni di acquisto e account correnti, complete e accurate per tutti gli acquisti effettuati.<\/p><h2>SEZIONE 6 &#8211; INFORMAZIONI PERSONALI<\/h2><p>L&#8217;invio di informazioni personali attraverso Romeing \u00e8 regolato dalla nostra Informativa sulla Privacy.<\/p><h2>SEZIONE 7 &#8211; ERRORI, INESATTEZZE E OMISSIONI<\/h2><p>Occasionalmente potrebbero esserci informazioni sul nostro sito o nel Servizio che contengono errori tipografici, inesattezze o omissioni che possono riguardare descrizioni, prezzi, promozioni, offerte e disponibilit\u00e0. Ci riserviamo il diritto di correggere eventuali errori, inesattezze o omissioni, e di modificare o aggiornare le informazioni o annullare gli ordini se qualsiasi informazione nel Servizio o su qualsiasi sito web correlato \u00e8 inesatta in qualsiasi momento senza preavviso (anche dopo che hai inviato il tuo ordine).<\/p><h2>SEZIONE 8 &#8211; ESCLUSIONE DI GARANZIE; LIMITAZIONE DI RESPONSABILIT\u00c0<\/h2><p>Non garantiamo, rappresentiamo o garantiamo che i nostri Servizi saranno ininterrotti o privi di errori.<\/p><p>In nessun caso Romeing sar\u00e0 responsabile per qualsiasi lesione, perdita, reclamo o qualsiasi danno diretto, indiretto, incidentale, punitivo, speciale o consequenziale di qualsiasi tipo, inclusi, senza limitazione, profitti persi, entrate perse, risparmi persi o danni simili, derivanti dall&#8217;esecuzione di qualsiasi Servizio che hai acquistato sul nostro sito web.<\/p><h2>SEZIONE 9 \u2013 POLITICA DI CANCELLAZIONE<\/h2><p>I Servizi potrebbero avere diverse politiche di cancellazione. I clienti sono tenuti a verificare le regole di cancellazione prima di prenotare i Servizi. Vi preghiamo di inviarci un&#8217;email a <a href=\"mailto:shop@romeing.it\" target=\"_blank\" rel=\"noopener noreferrer\">shop@romeing.it<\/a> e faremo del nostro meglio per trovare una soluzione adeguata.<\/p><p>I no-show non sono rimborsabili.<\/p><h2>SEZIONE 10 &#8211; SEPARABILIT\u00c0<\/h2><p>Se qualsiasi disposizione o parte di una disposizione in questi termini viene ritenuta non valida, nulla o inapplicabile, tale disposizione (o la parte di essa che la rende non valida, nulla o inapplicabile) sar\u00e0 eliminata e non influenzer\u00e0 la validit\u00e0 e l&#8217;applicabilit\u00e0 delle disposizioni rimanenti.<\/p><h2>SEZIONE 11 &#8211; MODIFICHE AI TERMINI DI SERVIZIO<\/h2><p>Puoi rivedere la versione pi\u00f9 aggiornata dei Termini di Servizio in qualsiasi momento su questa pagina.<\/p><p>Ci riserviamo il diritto, a nostra esclusiva discrezione, di aggiornare, modificare o sostituire qualsiasi parte di questi Termini di Servizio pubblicando aggiornamenti e modifiche sul nostro sito web.<\/p><h2>SEZIONE 12 &#8211; INFORMAZIONI DI CONTATTO<\/h2><p>Questi Termini e Condizioni sono regolati e interpretati in conformit\u00e0 con le leggi italiane senza riguardo alle disposizioni sul conflitto di leggi.<\/p><p>Le domande sui Termini di Servizio devono essere inviate a info@romeing.it<\/p>\t\t\t\t\t\t\t\t<\/div>\n\t\t\t\t\t<\/div>\n\t\t\t\t<\/div>\n\t\t\t\t<\/div>\n\t\t","protected":false},"excerpt":{"rendered":"<p>Definizioni: &#8220;Romeing&#8221; \u2013 indica il promotore che vende beni e servizi attraverso il sito web www.romeing.it\/shop &#8220;Conferma di Prenotazione&#8221; &#8211; indica la ricevuta di conferma fornita da noi al Cliente al momento della prenotazione quando il denaro viene ricevuto; &#8220;Cliente&#8221; &#8211; indica le persone registrate nel modulo di prenotazione &#8220;Servizi&#8221; indica quelle attivit\u00e0 fornite dai [&hellip;]<\/p>\n","protected":false},"author":1,"featured_media":0,"parent":0,"menu_order":0,"comment_status":"closed","ping_status":"closed","template":"","meta":{"_jet_sm_ready_style":"","_jet_sm_style":"","_jet_sm_controls_values":"","_jet_sm_fonts_collection":"","_jet_sm_fonts_links":"","footnotes":""},"class_list":["post-39384","page","type-page","status-publish","hentry"],"yoast_head":"<!-- This site is optimized with the Yoast SEO Premium plugin v26.8 (Yoast SEO v27.3) - https:\/\/yoast.com\/product\/yoast-seo-premium-wordpress\/ -->\n<title>Termini e Condizioni di Servizio - Romeing Shop<\/title>\n<meta name=\"robots\" content=\"index, follow, max-snippet:-1, max-image-preview:large, max-video-preview:-1\" \/>\n<link rel=\"canonical\" href=\"https:\/\/www.romeing.it\/shop\/it\/terms-conditions\/\" \/>\n<meta property=\"og:locale\" content=\"it_IT\" \/>\n<meta property=\"og:type\" content=\"article\" \/>\n<meta property=\"og:title\" content=\"Termini e Condizioni di Servizio\" \/>\n<meta property=\"og:description\" content=\"Definizioni: &#8220;Romeing&#8221; \u2013 indica il promotore che vende beni e servizi attraverso il sito web www.romeing.it\/shop &#8220;Conferma di Prenotazione&#8221; &#8211; indica la ricevuta di conferma fornita da noi al Cliente al momento della prenotazione quando il denaro viene ricevuto; &#8220;Cliente&#8221; &#8211; indica le persone registrate nel modulo di prenotazione &#8220;Servizi&#8221; indica quelle attivit\u00e0 fornite dai [&hellip;]\" \/>\n<meta property=\"og:url\" content=\"https:\/\/www.romeing.it\/shop\/it\/terms-conditions\/\" \/>\n<meta property=\"og:site_name\" content=\"Romeing Shop\" \/>\n<meta property=\"article:publisher\" content=\"https:\/\/www.facebook.com\/Romeing.it\" \/>\n<meta property=\"article:modified_time\" content=\"2025-08-08T16:15:56+00:00\" \/>\n<meta name=\"twitter:card\" content=\"summary_large_image\" \/>\n<meta name=\"twitter:site\" content=\"@romeing\" \/>\n<meta name=\"twitter:label1\" content=\"Tempo di lettura stimato\" \/>\n\t<meta name=\"twitter:data1\" content=\"5 minuti\" \/>\n<script type=\"application\/ld+json\" class=\"yoast-schema-graph\">{\"@context\":\"https:\\\/\\\/schema.org\",\"@graph\":[{\"@type\":\"WebPage\",\"@id\":\"https:\\\/\\\/www.romeing.it\\\/shop\\\/it\\\/terms-conditions\\\/\",\"url\":\"https:\\\/\\\/www.romeing.it\\\/shop\\\/it\\\/terms-conditions\\\/\",\"name\":\"Termini e Condizioni di Servizio - Romeing Shop\",\"isPartOf\":{\"@id\":\"https:\\\/\\\/www.romeing.it\\\/shop\\\/it\\\/#website\"},\"datePublished\":\"2025-07-30T16:48:56+00:00\",\"dateModified\":\"2025-08-08T16:15:56+00:00\",\"breadcrumb\":{\"@id\":\"https:\\\/\\\/www.romeing.it\\\/shop\\\/it\\\/terms-conditions\\\/#breadcrumb\"},\"inLanguage\":\"it-IT\",\"potentialAction\":[{\"@type\":\"ReadAction\",\"target\":[\"https:\\\/\\\/www.romeing.it\\\/shop\\\/it\\\/terms-conditions\\\/\"]}]},{\"@type\":\"BreadcrumbList\",\"@id\":\"https:\\\/\\\/www.romeing.it\\\/shop\\\/it\\\/terms-conditions\\\/#breadcrumb\",\"itemListElement\":[{\"@type\":\"ListItem\",\"position\":1,\"name\":\"Home\",\"item\":\"https:\\\/\\\/www.romeing.it\\\/shop\\\/it\\\/\"},{\"@type\":\"ListItem\",\"position\":2,\"name\":\"Termini e Condizioni di Servizio\"}]},{\"@type\":\"WebSite\",\"@id\":\"https:\\\/\\\/www.romeing.it\\\/shop\\\/it\\\/#website\",\"url\":\"https:\\\/\\\/www.romeing.it\\\/shop\\\/it\\\/\",\"name\":\"Romeing Shop\",\"description\":\"Romeing Shop | Tours, Experiences and Airport Transfers in Rome, Florence and Italy\",\"publisher\":{\"@id\":\"https:\\\/\\\/www.romeing.it\\\/shop\\\/it\\\/#organization\"},\"potentialAction\":[{\"@type\":\"SearchAction\",\"target\":{\"@type\":\"EntryPoint\",\"urlTemplate\":\"https:\\\/\\\/www.romeing.it\\\/shop\\\/it\\\/?s={search_term_string}\"},\"query-input\":{\"@type\":\"PropertyValueSpecification\",\"valueRequired\":true,\"valueName\":\"search_term_string\"}}],\"inLanguage\":\"it-IT\"},{\"@type\":\"Organization\",\"@id\":\"https:\\\/\\\/www.romeing.it\\\/shop\\\/it\\\/#organization\",\"name\":\"Romeing Shop\",\"url\":\"https:\\\/\\\/www.romeing.it\\\/shop\\\/it\\\/\",\"logo\":{\"@type\":\"ImageObject\",\"inLanguage\":\"it-IT\",\"@id\":\"https:\\\/\\\/www.romeing.it\\\/shop\\\/it\\\/#\\\/schema\\\/logo\\\/image\\\/\",\"url\":\"https:\\\/\\\/www.romeing.it\\\/shop\\\/wp-content\\\/uploads\\\/2025\\\/07\\\/logo-romeing-shop-sito.png\",\"contentUrl\":\"https:\\\/\\\/www.romeing.it\\\/shop\\\/wp-content\\\/uploads\\\/2025\\\/07\\\/logo-romeing-shop-sito.png\",\"width\":360,\"height\":87,\"caption\":\"Romeing Shop\"},\"image\":{\"@id\":\"https:\\\/\\\/www.romeing.it\\\/shop\\\/it\\\/#\\\/schema\\\/logo\\\/image\\\/\"},\"sameAs\":[\"https:\\\/\\\/www.facebook.com\\\/Romeing.it\",\"https:\\\/\\\/x.com\\\/romeing\",\"https:\\\/\\\/www.linkedin.com\\\/company\\\/romeing-srl\",\"https:\\\/\\\/www.pinterest.it\\\/romeing\\\/\",\"https:\\\/\\\/www.instagram.com\\\/romeing_magazine\\\/\",\"https:\\\/\\\/www.youtube.com\\\/romeingit\",\"https:\\\/\\\/tiktok.com\\\/@romeing_magazine\"]}]}<\/script>\n<!-- \/ Yoast SEO Premium plugin. -->","yoast_head_json":{"title":"Termini e Condizioni di Servizio - Romeing Shop","robots":{"index":"index","follow":"follow","max-snippet":"max-snippet:-1","max-image-preview":"max-image-preview:large","max-video-preview":"max-video-preview:-1"},"canonical":"https:\/\/www.romeing.it\/shop\/it\/terms-conditions\/","og_locale":"it_IT","og_type":"article","og_title":"Termini e Condizioni di Servizio","og_description":"Definizioni: &#8220;Romeing&#8221; \u2013 indica il promotore che vende beni e servizi attraverso il sito web www.romeing.it\/shop &#8220;Conferma di Prenotazione&#8221; &#8211; indica la ricevuta di conferma fornita da noi al Cliente al momento della prenotazione quando il denaro viene ricevuto; &#8220;Cliente&#8221; &#8211; indica le persone registrate nel modulo di prenotazione &#8220;Servizi&#8221; indica quelle attivit\u00e0 fornite dai [&hellip;]","og_url":"https:\/\/www.romeing.it\/shop\/it\/terms-conditions\/","og_site_name":"Romeing Shop","article_publisher":"https:\/\/www.facebook.com\/Romeing.it","article_modified_time":"2025-08-08T16:15:56+00:00","twitter_card":"summary_large_image","twitter_site":"@romeing","twitter_misc":{"Tempo di lettura stimato":"5 minuti"},"schema":{"@context":"https:\/\/schema.org","@graph":[{"@type":"WebPage","@id":"https:\/\/www.romeing.it\/shop\/it\/terms-conditions\/","url":"https:\/\/www.romeing.it\/shop\/it\/terms-conditions\/","name":"Termini e Condizioni di Servizio - Romeing Shop","isPartOf":{"@id":"https:\/\/www.romeing.it\/shop\/it\/#website"},"datePublished":"2025-07-30T16:48:56+00:00","dateModified":"2025-08-08T16:15:56+00:00","breadcrumb":{"@id":"https:\/\/www.romeing.it\/shop\/it\/terms-conditions\/#breadcrumb"},"inLanguage":"it-IT","potentialAction":[{"@type":"ReadAction","target":["https:\/\/www.romeing.it\/shop\/it\/terms-conditions\/"]}]},{"@type":"BreadcrumbList","@id":"https:\/\/www.romeing.it\/shop\/it\/terms-conditions\/#breadcrumb","itemListElement":[{"@type":"ListItem","position":1,"name":"Home","item":"https:\/\/www.romeing.it\/shop\/it\/"},{"@type":"ListItem","position":2,"name":"Termini e Condizioni di Servizio"}]},{"@type":"WebSite","@id":"https:\/\/www.romeing.it\/shop\/it\/#website","url":"https:\/\/www.romeing.it\/shop\/it\/","name":"Romeing Shop","description":"Romeing Shop | Tours, Experiences and Airport Transfers in Rome, Florence and Italy","publisher":{"@id":"https:\/\/www.romeing.it\/shop\/it\/#organization"},"potentialAction":[{"@type":"SearchAction","target":{"@type":"EntryPoint","urlTemplate":"https:\/\/www.romeing.it\/shop\/it\/?s={search_term_string}"},"query-input":{"@type":"PropertyValueSpecification","valueRequired":true,"valueName":"search_term_string"}}],"inLanguage":"it-IT"},{"@type":"Organization","@id":"https:\/\/www.romeing.it\/shop\/it\/#organization","name":"Romeing Shop","url":"https:\/\/www.romeing.it\/shop\/it\/","logo":{"@type":"ImageObject","inLanguage":"it-IT","@id":"https:\/\/www.romeing.it\/shop\/it\/#\/schema\/logo\/image\/","url":"https:\/\/www.romeing.it\/shop\/wp-content\/uploads\/2025\/07\/logo-romeing-shop-sito.png","contentUrl":"https:\/\/www.romeing.it\/shop\/wp-content\/uploads\/2025\/07\/logo-romeing-shop-sito.png","width":360,"height":87,"caption":"Romeing Shop"},"image":{"@id":"https:\/\/www.romeing.it\/shop\/it\/#\/schema\/logo\/image\/"},"sameAs":["https:\/\/www.facebook.com\/Romeing.it","https:\/\/x.com\/romeing","https:\/\/www.linkedin.com\/company\/romeing-srl","https:\/\/www.pinterest.it\/romeing\/","https:\/\/www.instagram.com\/romeing_magazine\/","https:\/\/www.youtube.com\/romeingit","https:\/\/tiktok.com\/@romeing_magazine"]}]}},"_links":{"self":[{"href":"https:\/\/www.romeing.it\/shop\/it\/wp-json\/wp\/v2\/pages\/39384","targetHints":{"allow":["GET"]}}],"collection":[{"href":"https:\/\/www.romeing.it\/shop\/it\/wp-json\/wp\/v2\/pages"}],"about":[{"href":"https:\/\/www.romeing.it\/shop\/it\/wp-json\/wp\/v2\/types\/page"}],"author":[{"embeddable":true,"href":"https:\/\/www.romeing.it\/shop\/it\/wp-json\/wp\/v2\/users\/1"}],"replies":[{"embeddable":true,"href":"https:\/\/www.romeing.it\/shop\/it\/wp-json\/wp\/v2\/comments?post=39384"}],"version-history":[{"count":0,"href":"https:\/\/www.romeing.it\/shop\/it\/wp-json\/wp\/v2\/pages\/39384\/revisions"}],"wp:attachment":[{"href":"https:\/\/www.romeing.it\/shop\/it\/wp-json\/wp\/v2\/media?parent=39384"}],"curies":[{"name":"wp","href":"https:\/\/api.w.org\/{rel}","templated":true}]}}