{"id":19721,"date":"2018-12-18T17:41:53","date_gmt":"2018-12-18T16:41:53","guid":{"rendered":"https:\/\/www.romeing.it\/shop\/product\/laboratorio-di-gelato-a-roma\/"},"modified":"2025-08-19T13:19:30","modified_gmt":"2025-08-19T11:19:30","slug":"laboratorio-di-gelato-a-roma","status":"publish","type":"product","link":"https:\/\/www.romeing.it\/shop\/it\/prodotto\/laboratorio-di-gelato-a-roma\/","title":{"rendered":"Impara a fare il gelato artigianale in una gelateria a Roma"},"content":{"rendered":"<h2 style=\"text-align: left;\">Highlights<\/h2>\n<ul class=\"wcb-button cb-common check-button\">\n<li class=\"li1\"><span style=\"font-size: 16px;\"><b>Impara l&#8217;arte del gelato artigianale in una gelateria romana\u00a0<\/b><\/span><\/li>\n<li class=\"li1\"><span style=\"font-size: 16px;\">Introduzione al gelato: caratteristiche, metodi e tecniche<\/span><\/li>\n<li class=\"li1\"><span style=\"font-size: 16px;\">Impara a fare il gelato artigianale passo per passo con un gelatiere professionista<\/span><\/li>\n<li class=\"li1\"><span style=\"font-size: 16px;\">Scopri i consigli e i segreti del gelato\u00a0<\/span><\/li>\n<li class=\"li1\"><span style=\"font-size: 16px;\"><b>Assaggia le tue creazioni di gelato 1 gelato della gelateria Verde Pistacchio<\/b><\/span><\/li>\n<li class=\"li1\"><span style=\"font-size: 16px;\">Adatto ai bambini<\/span><\/li>\n<li class=\"li1\"><span style=\"font-size: 16px;\"><b>Lezione in inglese o italiano<\/b><\/span><\/li>\n<\/ul>\n<div>\n<h2 style=\"text-align: left;\">Cos&#8217;\u00e8 incluso nel laboratorio di gelato artigianale<\/h2>\n<ul class=\"wcb-button cb-common check-button\">\n<li class=\"li1\"><span style=\"font-size: 16px;\">Guanti e grembiule<\/span><\/li>\n<li class=\"li1\"><span style=\"font-size: 16px;\">Attrezzatura<\/span><\/li>\n<li class=\"li1\"><span style=\"font-size: 16px;\">1 gelato dalla gelateria Verde Pistacchio<\/span><\/li>\n<\/ul>\n<div>\n<h2 style=\"text-align: left;\">Cos&#8217;\u00e8 escluso dal laboratorio di gelato artigianale<\/h2>\n<ul class=\"wcb-button cb-common cross-button\">\n<li><span style=\"font-size: 16px;\">Trasporto<\/span><\/li>\n<\/ul>\n<\/div>\n<\/div>\n","protected":false},"excerpt":{"rendered":"<p class=\"p1\"><span style=\"font-size: 16px;\">Immergiti nella cultura culinaria italiana e impara a fare il gelato artigianale con la nostra lezione pratica di gelateria a Roma. \u00c8 divertente per gli adulti ed \u00e8 anche divertente per i bambini! Scopri i segreti dietro la cremosit\u00e0 del gelato e la freschezza dei sorbetti nel laboratorio di un&#8217;autentica gelateria romana.<\/span><\/p>\n","protected":false},"featured_media":34401,"comment_status":"open","ping_status":"closed","template":"","meta":{"_jet_sm_ready_style":"","_jet_sm_style":"","_jet_sm_controls_values":"","_jet_sm_fonts_collection":"","_jet_sm_fonts_links":""},"product_brand":[],"product_cat":[1190,1189,1191],"product_tag":[],"class_list":{"0":"post-19721","1":"product","2":"type-product","3":"status-publish","4":"has-post-thumbnail","6":"product_cat-corsi-di-cucina-degustazioni","7":"product_cat-esperienze-a-roma","8":"product_cat-famiglie","10":"first","11":"instock","12":"featured","13":"shipping-taxable","14":"product-type-external"},"booking_location":null,"booking_location_type":null,"booking_duration":null,"booking_duration_unit":null,"booking_buffer":null,"booking_cost":null,"booking_resources":null,"exclude_global_add_ons":[],"addons":[],"yoast_head":"<!-- This site is optimized with the Yoast SEO Premium plugin v26.8 (Yoast SEO v27.3) - https:\/\/yoast.com\/product\/yoast-seo-premium-wordpress\/ -->\n<title>Impara a fare il gelato artigianale in una gelateria di Roma - Romeing Shop<\/title>\n<meta name=\"description\" content=\"Prenota questo laboratorio di gelato artigianale a Roma. Impara in 45 minuti l&#039;arte del gelato all&#039;interno di un laboratorio di una gelateria romana.\" \/>\n<meta name=\"robots\" content=\"index, follow, max-snippet:-1, max-image-preview:large, max-video-preview:-1\" \/>\n<link rel=\"canonical\" href=\"https:\/\/www.romeing.it\/shop\/it\/prodotto\/laboratorio-di-gelato-a-roma\/\" \/>\n<meta property=\"og:locale\" content=\"it_IT\" \/>\n<meta property=\"og:type\" content=\"article\" \/>\n<meta property=\"og:title\" content=\"Impara l&#039;arte del gelato artigianale in una gelateria\" \/>\n<meta property=\"og:description\" content=\"Prenota questo laboratorio di gelato artigianale a Roma. Impara in 45 minuti l&#039;arte del gelato all&#039;interno di un laboratorio di una gelateria romana.\" \/>\n<meta property=\"og:url\" content=\"https:\/\/www.romeing.it\/shop\/it\/prodotto\/laboratorio-di-gelato-a-roma\/\" \/>\n<meta property=\"og:site_name\" content=\"Romeing Shop\" \/>\n<meta property=\"article:publisher\" content=\"https:\/\/www.facebook.com\/Romeing.it\" \/>\n<meta property=\"article:modified_time\" content=\"2025-08-19T11:19:30+00:00\" \/>\n<meta name=\"twitter:card\" content=\"summary_large_image\" \/>\n<meta name=\"twitter:title\" content=\"Impara a fare il gelato artigianale in una gelateria a Roma\" \/>\n<meta name=\"twitter:image\" content=\"https:\/\/www.romeing.it\/shop\/wp-content\/uploads\/2025\/07\/gelato-making-class-rome-1-9.jpg\" \/>\n<meta name=\"twitter:site\" content=\"@romeing\" \/>\n<meta name=\"twitter:label1\" content=\"Prezzo\" \/>\n\t<meta name=\"twitter:data1\" content=\"&euro;&nbsp;60,00\" \/>\n\t<meta name=\"twitter:label2\" content=\"Disponibilit\u00e0\" \/>\n\t<meta name=\"twitter:data2\" content=\"In stock\" \/>\n<script type=\"application\/ld+json\" class=\"yoast-schema-graph\">{\"@context\":\"https:\\\/\\\/schema.org\",\"@graph\":[{\"@type\":\"WebPage\",\"@id\":\"https:\\\/\\\/www.romeing.it\\\/shop\\\/it\\\/prodotto\\\/laboratorio-di-gelato-a-roma\\\/\",\"url\":\"https:\\\/\\\/www.romeing.it\\\/shop\\\/it\\\/prodotto\\\/laboratorio-di-gelato-a-roma\\\/\",\"name\":\"Impara a fare il gelato artigianale in una gelateria di Roma - Romeing Shop\",\"isPartOf\":{\"@id\":\"https:\\\/\\\/www.romeing.it\\\/shop\\\/it\\\/#website\"},\"primaryImageOfPage\":{\"@id\":\"https:\\\/\\\/www.romeing.it\\\/shop\\\/it\\\/prodotto\\\/laboratorio-di-gelato-a-roma\\\/#primaryimage\"},\"image\":{\"@id\":\"https:\\\/\\\/www.romeing.it\\\/shop\\\/it\\\/prodotto\\\/laboratorio-di-gelato-a-roma\\\/#primaryimage\"},\"thumbnailUrl\":\"https:\\\/\\\/www.romeing.it\\\/shop\\\/wp-content\\\/uploads\\\/2025\\\/07\\\/gelato-making-class-rome-1-9.jpg\",\"datePublished\":\"2018-12-18T16:41:53+00:00\",\"dateModified\":\"2025-08-19T11:19:30+00:00\",\"description\":\"Prenota questo laboratorio di gelato artigianale a Roma. Impara in 45 minuti l'arte del gelato all'interno di un laboratorio di una gelateria romana.\",\"breadcrumb\":{\"@id\":\"https:\\\/\\\/www.romeing.it\\\/shop\\\/it\\\/prodotto\\\/laboratorio-di-gelato-a-roma\\\/#breadcrumb\"},\"inLanguage\":\"it-IT\",\"potentialAction\":[{\"@type\":\"ReadAction\",\"target\":[\"https:\\\/\\\/www.romeing.it\\\/shop\\\/it\\\/prodotto\\\/laboratorio-di-gelato-a-roma\\\/\"]}]},{\"@type\":\"ImageObject\",\"inLanguage\":\"it-IT\",\"@id\":\"https:\\\/\\\/www.romeing.it\\\/shop\\\/it\\\/prodotto\\\/laboratorio-di-gelato-a-roma\\\/#primaryimage\",\"url\":\"https:\\\/\\\/www.romeing.it\\\/shop\\\/wp-content\\\/uploads\\\/2025\\\/07\\\/gelato-making-class-rome-1-9.jpg\",\"contentUrl\":\"https:\\\/\\\/www.romeing.it\\\/shop\\\/wp-content\\\/uploads\\\/2025\\\/07\\\/gelato-making-class-rome-1-9.jpg\",\"width\":960,\"height\":960,\"caption\":\"Laboratorio di Gelato a Roma\"},{\"@type\":\"BreadcrumbList\",\"@id\":\"https:\\\/\\\/www.romeing.it\\\/shop\\\/it\\\/prodotto\\\/laboratorio-di-gelato-a-roma\\\/#breadcrumb\",\"itemListElement\":[{\"@type\":\"ListItem\",\"position\":1,\"name\":\"Home\",\"item\":\"https:\\\/\\\/www.romeing.it\\\/shop\\\/it\\\/\"},{\"@type\":\"ListItem\",\"position\":2,\"name\":\"Negozio\",\"item\":\"https:\\\/\\\/www.romeing.it\\\/shop\\\/shop\\\/\"},{\"@type\":\"ListItem\",\"position\":3,\"name\":\"Impara a fare il gelato artigianale in una gelateria a Roma\"}]},{\"@type\":\"WebSite\",\"@id\":\"https:\\\/\\\/www.romeing.it\\\/shop\\\/it\\\/#website\",\"url\":\"https:\\\/\\\/www.romeing.it\\\/shop\\\/it\\\/\",\"name\":\"Romeing Shop\",\"description\":\"Romeing Shop | Tours, Experiences and Airport Transfers in Rome, Florence and Italy\",\"publisher\":{\"@id\":\"https:\\\/\\\/www.romeing.it\\\/shop\\\/it\\\/#organization\"},\"potentialAction\":[{\"@type\":\"SearchAction\",\"target\":{\"@type\":\"EntryPoint\",\"urlTemplate\":\"https:\\\/\\\/www.romeing.it\\\/shop\\\/it\\\/?s={search_term_string}\"},\"query-input\":{\"@type\":\"PropertyValueSpecification\",\"valueRequired\":true,\"valueName\":\"search_term_string\"}}],\"inLanguage\":\"it-IT\"},{\"@type\":\"Organization\",\"@id\":\"https:\\\/\\\/www.romeing.it\\\/shop\\\/it\\\/#organization\",\"name\":\"Romeing Shop\",\"url\":\"https:\\\/\\\/www.romeing.it\\\/shop\\\/it\\\/\",\"logo\":{\"@type\":\"ImageObject\",\"inLanguage\":\"it-IT\",\"@id\":\"https:\\\/\\\/www.romeing.it\\\/shop\\\/it\\\/#\\\/schema\\\/logo\\\/image\\\/\",\"url\":\"https:\\\/\\\/www.romeing.it\\\/shop\\\/wp-content\\\/uploads\\\/2025\\\/07\\\/logo-romeing-shop-sito.png\",\"contentUrl\":\"https:\\\/\\\/www.romeing.it\\\/shop\\\/wp-content\\\/uploads\\\/2025\\\/07\\\/logo-romeing-shop-sito.png\",\"width\":360,\"height\":87,\"caption\":\"Romeing Shop\"},\"image\":{\"@id\":\"https:\\\/\\\/www.romeing.it\\\/shop\\\/it\\\/#\\\/schema\\\/logo\\\/image\\\/\"},\"sameAs\":[\"https:\\\/\\\/www.facebook.com\\\/Romeing.it\",\"https:\\\/\\\/x.com\\\/romeing\",\"https:\\\/\\\/www.linkedin.com\\\/company\\\/romeing-srl\",\"https:\\\/\\\/www.pinterest.it\\\/romeing\\\/\",\"https:\\\/\\\/www.instagram.com\\\/romeing_magazine\\\/\",\"https:\\\/\\\/www.youtube.com\\\/romeingit\",\"https:\\\/\\\/tiktok.com\\\/@romeing_magazine\"]}]}<\/script>\n<meta property=\"product:price:amount\" content=\"60.00\" \/>\n<meta property=\"product:price:currency\" content=\"EUR\" \/>\n<meta property=\"og:availability\" content=\"instock\" \/>\n<meta property=\"product:availability\" content=\"instock\" \/>\n<meta property=\"product:condition\" content=\"new\" \/>\n<!-- \/ Yoast SEO Premium plugin. -->","yoast_head_json":{"title":"Impara a fare il gelato artigianale in una gelateria di Roma - Romeing Shop","description":"Prenota questo laboratorio di gelato artigianale a Roma. Impara in 45 minuti l'arte del gelato all'interno di un laboratorio di una gelateria romana.","robots":{"index":"index","follow":"follow","max-snippet":"max-snippet:-1","max-image-preview":"max-image-preview:large","max-video-preview":"max-video-preview:-1"},"canonical":"https:\/\/www.romeing.it\/shop\/it\/prodotto\/laboratorio-di-gelato-a-roma\/","og_locale":"it_IT","og_type":"article","og_title":"Impara l'arte del gelato artigianale in una gelateria","og_description":"Prenota questo laboratorio di gelato artigianale a Roma. Impara in 45 minuti l'arte del gelato all'interno di un laboratorio di una gelateria romana.","og_url":"https:\/\/www.romeing.it\/shop\/it\/prodotto\/laboratorio-di-gelato-a-roma\/","og_site_name":"Romeing Shop","article_publisher":"https:\/\/www.facebook.com\/Romeing.it","article_modified_time":"2025-08-19T11:19:30+00:00","twitter_card":"summary_large_image","twitter_title":"Impara a fare il gelato artigianale in una gelateria a Roma","twitter_image":"https:\/\/www.romeing.it\/shop\/wp-content\/uploads\/2025\/07\/gelato-making-class-rome-1-9.jpg","twitter_site":"@romeing","twitter_misc":{"Prezzo":"&euro;&nbsp;60,00","Disponibilit\u00e0":"In stock"},"schema":{"@context":"https:\/\/schema.org","@graph":[{"@type":"WebPage","@id":"https:\/\/www.romeing.it\/shop\/it\/prodotto\/laboratorio-di-gelato-a-roma\/","url":"https:\/\/www.romeing.it\/shop\/it\/prodotto\/laboratorio-di-gelato-a-roma\/","name":"Impara a fare il gelato artigianale in una gelateria di Roma - Romeing Shop","isPartOf":{"@id":"https:\/\/www.romeing.it\/shop\/it\/#website"},"primaryImageOfPage":{"@id":"https:\/\/www.romeing.it\/shop\/it\/prodotto\/laboratorio-di-gelato-a-roma\/#primaryimage"},"image":{"@id":"https:\/\/www.romeing.it\/shop\/it\/prodotto\/laboratorio-di-gelato-a-roma\/#primaryimage"},"thumbnailUrl":"https:\/\/www.romeing.it\/shop\/wp-content\/uploads\/2025\/07\/gelato-making-class-rome-1-9.jpg","datePublished":"2018-12-18T16:41:53+00:00","dateModified":"2025-08-19T11:19:30+00:00","description":"Prenota questo laboratorio di gelato artigianale a Roma. Impara in 45 minuti l'arte del gelato all'interno di un laboratorio di una gelateria romana.","breadcrumb":{"@id":"https:\/\/www.romeing.it\/shop\/it\/prodotto\/laboratorio-di-gelato-a-roma\/#breadcrumb"},"inLanguage":"it-IT","potentialAction":[{"@type":"ReadAction","target":["https:\/\/www.romeing.it\/shop\/it\/prodotto\/laboratorio-di-gelato-a-roma\/"]}]},{"@type":"ImageObject","inLanguage":"it-IT","@id":"https:\/\/www.romeing.it\/shop\/it\/prodotto\/laboratorio-di-gelato-a-roma\/#primaryimage","url":"https:\/\/www.romeing.it\/shop\/wp-content\/uploads\/2025\/07\/gelato-making-class-rome-1-9.jpg","contentUrl":"https:\/\/www.romeing.it\/shop\/wp-content\/uploads\/2025\/07\/gelato-making-class-rome-1-9.jpg","width":960,"height":960,"caption":"Laboratorio di Gelato a Roma"},{"@type":"BreadcrumbList","@id":"https:\/\/www.romeing.it\/shop\/it\/prodotto\/laboratorio-di-gelato-a-roma\/#breadcrumb","itemListElement":[{"@type":"ListItem","position":1,"name":"Home","item":"https:\/\/www.romeing.it\/shop\/it\/"},{"@type":"ListItem","position":2,"name":"Negozio","item":"https:\/\/www.romeing.it\/shop\/shop\/"},{"@type":"ListItem","position":3,"name":"Impara a fare il gelato artigianale in una gelateria a Roma"}]},{"@type":"WebSite","@id":"https:\/\/www.romeing.it\/shop\/it\/#website","url":"https:\/\/www.romeing.it\/shop\/it\/","name":"Romeing Shop","description":"Romeing Shop | Tours, Experiences and Airport Transfers in Rome, Florence and Italy","publisher":{"@id":"https:\/\/www.romeing.it\/shop\/it\/#organization"},"potentialAction":[{"@type":"SearchAction","target":{"@type":"EntryPoint","urlTemplate":"https:\/\/www.romeing.it\/shop\/it\/?s={search_term_string}"},"query-input":{"@type":"PropertyValueSpecification","valueRequired":true,"valueName":"search_term_string"}}],"inLanguage":"it-IT"},{"@type":"Organization","@id":"https:\/\/www.romeing.it\/shop\/it\/#organization","name":"Romeing Shop","url":"https:\/\/www.romeing.it\/shop\/it\/","logo":{"@type":"ImageObject","inLanguage":"it-IT","@id":"https:\/\/www.romeing.it\/shop\/it\/#\/schema\/logo\/image\/","url":"https:\/\/www.romeing.it\/shop\/wp-content\/uploads\/2025\/07\/logo-romeing-shop-sito.png","contentUrl":"https:\/\/www.romeing.it\/shop\/wp-content\/uploads\/2025\/07\/logo-romeing-shop-sito.png","width":360,"height":87,"caption":"Romeing Shop"},"image":{"@id":"https:\/\/www.romeing.it\/shop\/it\/#\/schema\/logo\/image\/"},"sameAs":["https:\/\/www.facebook.com\/Romeing.it","https:\/\/x.com\/romeing","https:\/\/www.linkedin.com\/company\/romeing-srl","https:\/\/www.pinterest.it\/romeing\/","https:\/\/www.instagram.com\/romeing_magazine\/","https:\/\/www.youtube.com\/romeingit","https:\/\/tiktok.com\/@romeing_magazine"]}]},"product_price_amount":"60.00","product_price_currency":"EUR","og_availability":"instock","product_availability":"instock","product_condition":"new"},"wcpa_form_fields":null,"_links":{"self":[{"href":"https:\/\/www.romeing.it\/shop\/it\/wp-json\/wp\/v2\/product\/19721","targetHints":{"allow":["GET"]}}],"collection":[{"href":"https:\/\/www.romeing.it\/shop\/it\/wp-json\/wp\/v2\/product"}],"about":[{"href":"https:\/\/www.romeing.it\/shop\/it\/wp-json\/wp\/v2\/types\/product"}],"replies":[{"embeddable":true,"href":"https:\/\/www.romeing.it\/shop\/it\/wp-json\/wp\/v2\/comments?post=19721"}],"wp:featuredmedia":[{"embeddable":true,"href":"https:\/\/www.romeing.it\/shop\/it\/wp-json\/wp\/v2\/media\/34401"}],"wp:attachment":[{"href":"https:\/\/www.romeing.it\/shop\/it\/wp-json\/wp\/v2\/media?parent=19721"}],"wp:term":[{"taxonomy":"product_brand","embeddable":true,"href":"https:\/\/www.romeing.it\/shop\/it\/wp-json\/wp\/v2\/product_brand?post=19721"},{"taxonomy":"product_cat","embeddable":true,"href":"https:\/\/www.romeing.it\/shop\/it\/wp-json\/wp\/v2\/product_cat?post=19721"},{"taxonomy":"product_tag","embeddable":true,"href":"https:\/\/www.romeing.it\/shop\/it\/wp-json\/wp\/v2\/product_tag?post=19721"}],"curies":[{"name":"wp","href":"https:\/\/api.w.org\/{rel}","templated":true}]}}