{"id":20012,"date":"2019-12-20T13:11:19","date_gmt":"2019-12-20T12:11:19","guid":{"rendered":"https:\/\/www.romeing.it\/shop\/product\/golf-cart-tour-di-roma\/"},"modified":"2025-08-19T13:19:00","modified_gmt":"2025-08-19T11:19:00","slug":"golf-cart-tour-di-roma","status":"publish","type":"product","link":"https:\/\/www.romeing.it\/shop\/it\/prodotto\/golf-cart-tour-di-roma\/","title":{"rendered":"Tour su Golf-Cart di Roma"},"content":{"rendered":"<h2 style=\"text-align: left;\">Highlights<\/h2>\n<ul class=\"wcb-button cb-common check-button\">\n<li class=\"uk-icon-thumbs-o-up uk-text-medium\"><span style=\"font-size: 16px;\">\u00a03 ore di tour su Golf-Cart con una guida esperta locale.<\/span><\/li>\n<li class=\"uk-icon-thumbs-o-up uk-text-medium\"><span style=\"font-size: 16px;\">\u00a0Esplorare Roma su una Golf-Cart omologata per poter vedere molto di pi\u00f9 di ci\u00f2 che vedresti a piedi.<\/span><\/li>\n<li class=\"uk-icon-thumbs-o-up uk-text-medium\"><span style=\"font-size: 16px;\">\u00a0Un tour privato e personalizzabile che ti assicura una particolare attenzione da parte della tua guida.<\/span><\/li>\n<li class=\"uk-icon-thumbs-o-up uk-text-medium\"><span style=\"font-size: 16px;\">\u00a0Godere degli angoli pi\u00f9 speciali di Roma ed avere grandi opportunit\u00e0 fotografiche.<\/span><\/li>\n<li class=\"uk-icon-thumbs-o-up uk-text-medium\"><span style=\"font-size: 16px;\">\u00a0Tante informazioni sulla Roma del passato e del presente.<\/span><\/li>\n<\/ul>\n<div>\n<h2 style=\"text-align: left;\">Cos&#8217;\u00e8 incluso \/ percorso<\/h2>\n<ul class=\"wcb-button cb-common check-button\">\n<li><span style=\"font-size: 16px;\">Colosseo<\/span><\/li>\n<li><span style=\"font-size: 16px;\">Circo Massimo<\/span><\/li>\n<li><span style=\"font-size: 16px;\">Arco di Costantino<\/span><\/li>\n<li><span style=\"font-size: 16px;\">Colle Aventino<\/span><\/li>\n<li><span style=\"font-size: 16px;\">Piazza del Campidoglio di Michelangelo<\/span><\/li>\n<li><span style=\"font-size: 16px;\">Bocca della Verit\u00e0<\/span><\/li>\n<li><span style=\"font-size: 16px;\">Colle Capitolino<\/span><\/li>\n<li><span style=\"font-size: 16px;\">Buco della serratura dei Cavalieri di Malta<\/span><\/li>\n<li><span style=\"font-size: 16px;\">Colonna e Foro dell\u2019Imperatore Traiano<\/span><\/li>\n<li><span style=\"font-size: 16px;\">Vista spettacolare del Foro Romano<\/span><\/li>\n<li><span style=\"font-size: 16px;\">Gran Palazzo del colle Palatino<\/span><\/li>\n<li><span style=\"font-size: 16px;\">Arco di Giano<\/span><\/li>\n<li><span style=\"font-size: 16px;\">Tempio delle Vestali<\/span><\/li>\n<li><span style=\"font-size: 16px;\">Vista panoramica di Roma al Giardino degli Aranci<\/span><\/li>\n<li><span style=\"font-size: 16px;\">Molto altro ancora \u2026<\/span><\/li>\n<li><span style=\"font-size: 16px;\">Hotel Pick-up and Drop-off (se l&#8217;hotel \u00e8 in centro)<\/span><\/li>\n<\/ul>\n<\/div>\n","protected":false},"excerpt":{"rendered":"<p><span style=\"font-size: 16px;\">Trasforma un lungo tour a piedi in un&#8217;avventura con uno dei nostri tour privati \u200b\u200bin golf cart! La tua guida ti incontrer\u00e0 nel tuo hotel (se in centro citt\u00e0) in modo da poter esplorare Roma in totale comfort e velocit\u00e0. Questo tour \u00e8 perfetto per chi in poco tempo vuole vedere quanto pi\u00f9 possibile di Roma, senza stress e con un mezzo di trasporto divertente.<\/span><\/p>\n","protected":false},"featured_media":35159,"comment_status":"open","ping_status":"closed","template":"","meta":{"_jet_sm_ready_style":"","_jet_sm_style":"","_jet_sm_controls_values":"","_jet_sm_fonts_collection":"","_jet_sm_fonts_links":""},"product_brand":[],"product_cat":[1194,1189,1191,1193,1185,1183],"product_tag":[],"class_list":{"0":"post-20012","1":"product","2":"type-product","3":"status-publish","4":"has-post-thumbnail","6":"product_cat-amanti-della-storia","7":"product_cat-esperienze-a-roma","8":"product_cat-famiglie","9":"product_cat-natura-outdoor","10":"product_cat-tour-della-citta-roma","11":"product_cat-tour-di-roma","13":"first","14":"instock","15":"virtual","16":"sold-individually","17":"purchasable","18":"product-type-booking"},"booking_location":"","booking_location_type":"","booking_duration":30,"booking_duration_unit":"minute","booking_buffer":0,"booking_cost":0,"booking_resources":[],"exclude_global_add_ons":false,"addons":[{"name":"Punto di raccolta preferito","type":"custom_text","position":0,"required":true,"title_format":"label","default":"","description_enable":false,"description":"","placeholder_enable":false,"placeholder":"","display":"select","restrictions_type":"any_text","adjust_price":false,"price":"","price_type":"flat_fee","restrictions":false,"min":"0","max":"0","options":[],"id":1753219620}],"yoast_head":"<!-- This site is optimized with the Yoast SEO Premium plugin v26.8 (Yoast SEO v27.2) - https:\/\/yoast.com\/product\/yoast-seo-premium-wordpress\/ -->\n<title>Tour di Roma su Golf-Cart - Romeing Shop<\/title>\n<meta name=\"description\" content=\"Prenota un tour privato di Roma a bordo di un golf cart. Il tour \u00e8 personalizzato, di durata di 3 ore con i pi\u00f9 famosi colli e monumenti antichi di Roma.\" \/>\n<meta name=\"robots\" content=\"index, follow, max-snippet:-1, max-image-preview:large, max-video-preview:-1\" \/>\n<link rel=\"canonical\" href=\"https:\/\/www.romeing.it\/shop\/it\/prodotto\/golf-cart-tour-di-roma\/\" \/>\n<meta property=\"og:locale\" content=\"it_IT\" \/>\n<meta property=\"og:type\" content=\"article\" \/>\n<meta property=\"og:title\" content=\"I Colli Dell\u2019Antica Roma: Tour su Golf-Cart\" \/>\n<meta property=\"og:description\" content=\"Tour in golf cart di Roma: partecipa a un tour privato in golf cart personalizzato di 3 ore delle pi\u00f9 famose colline e monumenti antichi di Roma.\" \/>\n<meta property=\"og:url\" content=\"https:\/\/www.romeing.it\/shop\/it\/prodotto\/golf-cart-tour-di-roma\/\" \/>\n<meta property=\"og:site_name\" content=\"Romeing Shop\" \/>\n<meta property=\"article:publisher\" content=\"https:\/\/www.facebook.com\/Romeing.it\" \/>\n<meta property=\"article:modified_time\" content=\"2025-08-19T11:19:00+00:00\" \/>\n<meta name=\"twitter:card\" content=\"summary_large_image\" \/>\n<meta name=\"twitter:title\" content=\"Tour su Golf-Cart di Roma\" \/>\n<meta name=\"twitter:image\" content=\"https:\/\/www.romeing.it\/shop\/wp-content\/uploads\/2025\/07\/golf-cart-tour-of-rome2-1-6.jpg\" \/>\n<meta name=\"twitter:site\" content=\"@romeing\" \/>\n<meta name=\"twitter:label1\" content=\"Prezzo\" \/>\n\t<meta name=\"twitter:data1\" content=\"&euro;&nbsp;350,00\" \/>\n\t<meta name=\"twitter:label2\" content=\"Disponibilit\u00e0\" \/>\n\t<meta name=\"twitter:data2\" content=\"In stock\" \/>\n<script type=\"application\/ld+json\" class=\"yoast-schema-graph\">{\"@context\":\"https:\/\/schema.org\",\"@graph\":[{\"@type\":\"WebPage\",\"@id\":\"https:\/\/www.romeing.it\/shop\/it\/prodotto\/golf-cart-tour-di-roma\/\",\"url\":\"https:\/\/www.romeing.it\/shop\/it\/prodotto\/golf-cart-tour-di-roma\/\",\"name\":\"Tour di Roma su Golf-Cart - Romeing Shop\",\"isPartOf\":{\"@id\":\"https:\/\/www.romeing.it\/shop\/it\/#website\"},\"primaryImageOfPage\":{\"@id\":\"https:\/\/www.romeing.it\/shop\/it\/prodotto\/golf-cart-tour-di-roma\/#primaryimage\"},\"image\":{\"@id\":\"https:\/\/www.romeing.it\/shop\/it\/prodotto\/golf-cart-tour-di-roma\/#primaryimage\"},\"thumbnailUrl\":\"https:\/\/www.romeing.it\/shop\/wp-content\/uploads\/2025\/07\/golf-cart-tour-of-rome2-1-6.jpg\",\"datePublished\":\"2019-12-20T12:11:19+00:00\",\"dateModified\":\"2025-08-19T11:19:00+00:00\",\"description\":\"Prenota un tour privato di Roma a bordo di un golf cart. Il tour \u00e8 personalizzato, di durata di 3 ore con i pi\u00f9 famosi colli e monumenti antichi di Roma.\",\"breadcrumb\":{\"@id\":\"https:\/\/www.romeing.it\/shop\/it\/prodotto\/golf-cart-tour-di-roma\/#breadcrumb\"},\"inLanguage\":\"it-IT\",\"potentialAction\":[{\"@type\":\"ReadAction\",\"target\":[\"https:\/\/www.romeing.it\/shop\/it\/prodotto\/golf-cart-tour-di-roma\/\"]}]},{\"@type\":\"ImageObject\",\"inLanguage\":\"it-IT\",\"@id\":\"https:\/\/www.romeing.it\/shop\/it\/prodotto\/golf-cart-tour-di-roma\/#primaryimage\",\"url\":\"https:\/\/www.romeing.it\/shop\/wp-content\/uploads\/2025\/07\/golf-cart-tour-of-rome2-1-6.jpg\",\"contentUrl\":\"https:\/\/www.romeing.it\/shop\/wp-content\/uploads\/2025\/07\/golf-cart-tour-of-rome2-1-6.jpg\",\"width\":2048,\"height\":1291,\"caption\":\"tour di roma in golf cart\"},{\"@type\":\"BreadcrumbList\",\"@id\":\"https:\/\/www.romeing.it\/shop\/it\/prodotto\/golf-cart-tour-di-roma\/#breadcrumb\",\"itemListElement\":[{\"@type\":\"ListItem\",\"position\":1,\"name\":\"Home\",\"item\":\"https:\/\/www.romeing.it\/shop\/it\/\"},{\"@type\":\"ListItem\",\"position\":2,\"name\":\"Negozio\",\"item\":\"https:\/\/www.romeing.it\/shop\/\"},{\"@type\":\"ListItem\",\"position\":3,\"name\":\"Tour su Golf-Cart di Roma\"}]},{\"@type\":\"WebSite\",\"@id\":\"https:\/\/www.romeing.it\/shop\/it\/#website\",\"url\":\"https:\/\/www.romeing.it\/shop\/it\/\",\"name\":\"Romeing Shop\",\"description\":\"Romeing Shop | Tours, Experiences and Airport Transfers in Rome, Florence and Italy\",\"publisher\":{\"@id\":\"https:\/\/www.romeing.it\/shop\/it\/#organization\"},\"potentialAction\":[{\"@type\":\"SearchAction\",\"target\":{\"@type\":\"EntryPoint\",\"urlTemplate\":\"https:\/\/www.romeing.it\/shop\/it\/?s={search_term_string}\"},\"query-input\":{\"@type\":\"PropertyValueSpecification\",\"valueRequired\":true,\"valueName\":\"search_term_string\"}}],\"inLanguage\":\"it-IT\"},{\"@type\":\"Organization\",\"@id\":\"https:\/\/www.romeing.it\/shop\/it\/#organization\",\"name\":\"Romeing Shop\",\"url\":\"https:\/\/www.romeing.it\/shop\/it\/\",\"logo\":{\"@type\":\"ImageObject\",\"inLanguage\":\"it-IT\",\"@id\":\"https:\/\/www.romeing.it\/shop\/it\/#\/schema\/logo\/image\/\",\"url\":\"https:\/\/www.romeing.it\/shop\/wp-content\/uploads\/2025\/07\/logo-romeing-shop-sito.png\",\"contentUrl\":\"https:\/\/www.romeing.it\/shop\/wp-content\/uploads\/2025\/07\/logo-romeing-shop-sito.png\",\"width\":360,\"height\":87,\"caption\":\"Romeing Shop\"},\"image\":{\"@id\":\"https:\/\/www.romeing.it\/shop\/it\/#\/schema\/logo\/image\/\"},\"sameAs\":[\"https:\/\/www.facebook.com\/Romeing.it\",\"https:\/\/x.com\/romeing\",\"https:\/\/www.linkedin.com\/company\/romeing-srl\",\"https:\/\/www.pinterest.it\/romeing\/\",\"https:\/\/www.instagram.com\/romeing_magazine\/\",\"https:\/\/www.youtube.com\/romeingit\",\"https:\/\/tiktok.com\/@romeing_magazine\"]}]}<\/script>\n<meta property=\"product:price:amount\" content=\"350.00\" \/>\n<meta property=\"product:price:currency\" content=\"EUR\" \/>\n<meta property=\"og:availability\" content=\"instock\" \/>\n<meta property=\"product:availability\" content=\"instock\" \/>\n<meta property=\"product:condition\" content=\"new\" \/>\n<!-- \/ Yoast SEO Premium plugin. -->","yoast_head_json":{"title":"Tour di Roma su Golf-Cart - Romeing Shop","description":"Prenota un tour privato di Roma a bordo di un golf cart. Il tour \u00e8 personalizzato, di durata di 3 ore con i pi\u00f9 famosi colli e monumenti antichi di Roma.","robots":{"index":"index","follow":"follow","max-snippet":"max-snippet:-1","max-image-preview":"max-image-preview:large","max-video-preview":"max-video-preview:-1"},"canonical":"https:\/\/www.romeing.it\/shop\/it\/prodotto\/golf-cart-tour-di-roma\/","og_locale":"it_IT","og_type":"article","og_title":"I Colli Dell\u2019Antica Roma: Tour su Golf-Cart","og_description":"Tour in golf cart di Roma: partecipa a un tour privato in golf cart personalizzato di 3 ore delle pi\u00f9 famose colline e monumenti antichi di Roma.","og_url":"https:\/\/www.romeing.it\/shop\/it\/prodotto\/golf-cart-tour-di-roma\/","og_site_name":"Romeing Shop","article_publisher":"https:\/\/www.facebook.com\/Romeing.it","article_modified_time":"2025-08-19T11:19:00+00:00","twitter_card":"summary_large_image","twitter_title":"Tour su Golf-Cart di Roma","twitter_image":"https:\/\/www.romeing.it\/shop\/wp-content\/uploads\/2025\/07\/golf-cart-tour-of-rome2-1-6.jpg","twitter_site":"@romeing","twitter_misc":{"Prezzo":"&euro;&nbsp;350,00","Disponibilit\u00e0":"In stock"},"schema":{"@context":"https:\/\/schema.org","@graph":[{"@type":"WebPage","@id":"https:\/\/www.romeing.it\/shop\/it\/prodotto\/golf-cart-tour-di-roma\/","url":"https:\/\/www.romeing.it\/shop\/it\/prodotto\/golf-cart-tour-di-roma\/","name":"Tour di Roma su Golf-Cart - Romeing Shop","isPartOf":{"@id":"https:\/\/www.romeing.it\/shop\/it\/#website"},"primaryImageOfPage":{"@id":"https:\/\/www.romeing.it\/shop\/it\/prodotto\/golf-cart-tour-di-roma\/#primaryimage"},"image":{"@id":"https:\/\/www.romeing.it\/shop\/it\/prodotto\/golf-cart-tour-di-roma\/#primaryimage"},"thumbnailUrl":"https:\/\/www.romeing.it\/shop\/wp-content\/uploads\/2025\/07\/golf-cart-tour-of-rome2-1-6.jpg","datePublished":"2019-12-20T12:11:19+00:00","dateModified":"2025-08-19T11:19:00+00:00","description":"Prenota un tour privato di Roma a bordo di un golf cart. Il tour \u00e8 personalizzato, di durata di 3 ore con i pi\u00f9 famosi colli e monumenti antichi di Roma.","breadcrumb":{"@id":"https:\/\/www.romeing.it\/shop\/it\/prodotto\/golf-cart-tour-di-roma\/#breadcrumb"},"inLanguage":"it-IT","potentialAction":[{"@type":"ReadAction","target":["https:\/\/www.romeing.it\/shop\/it\/prodotto\/golf-cart-tour-di-roma\/"]}]},{"@type":"ImageObject","inLanguage":"it-IT","@id":"https:\/\/www.romeing.it\/shop\/it\/prodotto\/golf-cart-tour-di-roma\/#primaryimage","url":"https:\/\/www.romeing.it\/shop\/wp-content\/uploads\/2025\/07\/golf-cart-tour-of-rome2-1-6.jpg","contentUrl":"https:\/\/www.romeing.it\/shop\/wp-content\/uploads\/2025\/07\/golf-cart-tour-of-rome2-1-6.jpg","width":2048,"height":1291,"caption":"tour di roma in golf cart"},{"@type":"BreadcrumbList","@id":"https:\/\/www.romeing.it\/shop\/it\/prodotto\/golf-cart-tour-di-roma\/#breadcrumb","itemListElement":[{"@type":"ListItem","position":1,"name":"Home","item":"https:\/\/www.romeing.it\/shop\/it\/"},{"@type":"ListItem","position":2,"name":"Negozio","item":"https:\/\/www.romeing.it\/shop\/"},{"@type":"ListItem","position":3,"name":"Tour su Golf-Cart di Roma"}]},{"@type":"WebSite","@id":"https:\/\/www.romeing.it\/shop\/it\/#website","url":"https:\/\/www.romeing.it\/shop\/it\/","name":"Romeing Shop","description":"Romeing Shop | Tours, Experiences and Airport Transfers in Rome, Florence and Italy","publisher":{"@id":"https:\/\/www.romeing.it\/shop\/it\/#organization"},"potentialAction":[{"@type":"SearchAction","target":{"@type":"EntryPoint","urlTemplate":"https:\/\/www.romeing.it\/shop\/it\/?s={search_term_string}"},"query-input":{"@type":"PropertyValueSpecification","valueRequired":true,"valueName":"search_term_string"}}],"inLanguage":"it-IT"},{"@type":"Organization","@id":"https:\/\/www.romeing.it\/shop\/it\/#organization","name":"Romeing Shop","url":"https:\/\/www.romeing.it\/shop\/it\/","logo":{"@type":"ImageObject","inLanguage":"it-IT","@id":"https:\/\/www.romeing.it\/shop\/it\/#\/schema\/logo\/image\/","url":"https:\/\/www.romeing.it\/shop\/wp-content\/uploads\/2025\/07\/logo-romeing-shop-sito.png","contentUrl":"https:\/\/www.romeing.it\/shop\/wp-content\/uploads\/2025\/07\/logo-romeing-shop-sito.png","width":360,"height":87,"caption":"Romeing Shop"},"image":{"@id":"https:\/\/www.romeing.it\/shop\/it\/#\/schema\/logo\/image\/"},"sameAs":["https:\/\/www.facebook.com\/Romeing.it","https:\/\/x.com\/romeing","https:\/\/www.linkedin.com\/company\/romeing-srl","https:\/\/www.pinterest.it\/romeing\/","https:\/\/www.instagram.com\/romeing_magazine\/","https:\/\/www.youtube.com\/romeingit","https:\/\/tiktok.com\/@romeing_magazine"]}]},"product_price_amount":"350.00","product_price_currency":"EUR","og_availability":"instock","product_availability":"instock","product_condition":"new"},"wcpa_form_fields":null,"_links":{"self":[{"href":"https:\/\/www.romeing.it\/shop\/it\/wp-json\/wp\/v2\/product\/20012","targetHints":{"allow":["GET"]}}],"collection":[{"href":"https:\/\/www.romeing.it\/shop\/it\/wp-json\/wp\/v2\/product"}],"about":[{"href":"https:\/\/www.romeing.it\/shop\/it\/wp-json\/wp\/v2\/types\/product"}],"replies":[{"embeddable":true,"href":"https:\/\/www.romeing.it\/shop\/it\/wp-json\/wp\/v2\/comments?post=20012"}],"wp:featuredmedia":[{"embeddable":true,"href":"https:\/\/www.romeing.it\/shop\/it\/wp-json\/wp\/v2\/media\/35159"}],"wp:attachment":[{"href":"https:\/\/www.romeing.it\/shop\/it\/wp-json\/wp\/v2\/media?parent=20012"}],"wp:term":[{"taxonomy":"product_brand","embeddable":true,"href":"https:\/\/www.romeing.it\/shop\/it\/wp-json\/wp\/v2\/product_brand?post=20012"},{"taxonomy":"product_cat","embeddable":true,"href":"https:\/\/www.romeing.it\/shop\/it\/wp-json\/wp\/v2\/product_cat?post=20012"},{"taxonomy":"product_tag","embeddable":true,"href":"https:\/\/www.romeing.it\/shop\/it\/wp-json\/wp\/v2\/product_tag?post=20012"}],"curies":[{"name":"wp","href":"https:\/\/api.w.org\/{rel}","templated":true}]}}