{"id":20018,"date":"2019-02-28T01:06:51","date_gmt":"2019-02-28T00:06:51","guid":{"rendered":"https:\/\/www.romeing.it\/shop\/product\/tour-segway-di-roma\/"},"modified":"2025-08-19T13:18:26","modified_gmt":"2025-08-19T11:18:26","slug":"tour-segway-di-roma","status":"publish","type":"product","link":"https:\/\/www.romeing.it\/shop\/it\/prodotto\/tour-segway-di-roma\/","title":{"rendered":"Tour di Roma su Segway"},"content":{"rendered":"<div class=\"uk-panel uk-scrollspy-init-inview uk-scrollspy-inview uk-animation-slide-bottom\" data-uk-scrollspy=\"{cls:'uk-animation-slide-bottom'}\">\n<h2 class=\"uk-h1\">Highlights<\/h2>\n<\/div>\n<ul class=\"wcb-button cb-common check-button\">\n<li><span style=\"font-size: 16px;\"><strong>Segway tour di 3.5 ore <\/strong>con una guida locale esperta e commento audio.<\/span><\/li>\n<li class=\"uk-icon-thumbs-o-up uk-text-medium\"><span style=\"font-size: 16px;\"><strong>Tour di piccoli gruppi<\/strong>, con un massimo di 8 persone, ti assicurano un\u2019attenzione personalizzata da parte della tua guida.<\/span><\/li>\n<li class=\"uk-icon-thumbs-o-up uk-text-medium\"><span style=\"font-size: 16px;\"><strong>Mezz\u2019ora di pratica sul Segway<\/strong> prima dell\u2019inizio del tour.<\/span><\/li>\n<li class=\"uk-icon-thumbs-o-up uk-text-medium\"><span style=\"font-size: 16px;\">Grandi opportunit\u00e0 fotografiche.<\/span><\/li>\n<li class=\"uk-icon-thumbs-o-up uk-text-medium\"><span style=\"font-size: 16px;\">Tante informazioni sulla Roma antica e moderna.<\/span><\/li>\n<li class=\"uk-icon-thumbs-o-up uk-text-medium\"><span style=\"font-size: 16px;\">Un\u2019esperienza perfetta sul Segway che ti lascer\u00e0 con un \u201cSegway Smile\u201d!<\/span><\/li>\n<\/ul>\n<div>\n<h2 style=\"text-align: left;\">Cos&#8217;\u00e8 incluso e percorso<\/h2>\n<ul class=\"wcb-button cb-common check-button\">\n<li><span style=\"font-size: 16px;\">Tour come descritto<\/span><\/li>\n<li><span style=\"font-size: 16px;\">30 minuti di pratica sul segway<\/span><\/li>\n<li><span style=\"font-size: 16px;\">Noleggio segway e casco di sicurezza<\/span><\/li>\n<li><span style=\"font-size: 16px;\">Luoghi che visiteremo:<\/span><\/li>\n<li><span style=\"font-size: 16px;\">Pantheon<\/span><\/li>\n<li><span style=\"font-size: 16px;\">Piazza Navona<\/span><\/li>\n<li><span style=\"font-size: 16px;\">Fontana di Trevi<\/span><\/li>\n<li><span style=\"font-size: 16px;\">Piazza di Spagna<\/span><\/li>\n<li><span style=\"font-size: 16px;\">Mercato giornaliero di Campo de\u2019 Fiori<\/span><\/li>\n<li><span style=\"font-size: 16px;\">Piazza Venezia<\/span><\/li>\n<li><span style=\"font-size: 16px;\">Piazza del Campidoglio<\/span><\/li>\n<li><span style=\"font-size: 16px;\">Colosseo<\/span><\/li>\n<li><span style=\"font-size: 16px;\">Ghetto ebraico<\/span><\/li>\n<li><span style=\"font-size: 16px;\">Chiesa di Sant\u2019Ignazio<\/span><\/li>\n<li><span style=\"font-size: 16px;\">Fontana dei fiumi<\/span><\/li>\n<li><span style=\"font-size: 16px;\">Circo Massimo<\/span><\/li>\n<li><span style=\"font-size: 16px;\">Colonna traiana<\/span><\/li>\n<li><span style=\"font-size: 16px;\">Monumento vittoriano di Vittorio Emanuele<\/span><\/li>\n<li><span style=\"font-size: 16px;\">Arco di Costantino<\/span><\/li>\n<li><span style=\"font-size: 16px;\">Campidoglio e colle capitolino<\/span><\/li>\n<li><span style=\"font-size: 16px;\">Molto altro\u2026<\/span><\/li>\n<\/ul>\n<div>\n<h2 style=\"text-align: left;\">Cos&#8217;\u00e8 escluso<\/h2>\n<ul class=\"wcb-button cb-common cross-button\">\n<li><span style=\"font-size: 16px;\">Hotel pick up &amp; drop off<\/span><\/li>\n<li><span style=\"font-size: 16px;\">Biglietti d&#8217;ingresso (tutti i monumenti visitati in questo tour sono visitati dall&#8217;esterno o sono liberi di entrare)<\/span><\/li>\n<\/ul>\n<\/div>\n<\/div>\n","protected":false},"excerpt":{"rendered":"<p class=\"p1\"><span style=\"font-size: 16px;\">Questo tour completo di Roma in Segway di oltre 7 ore ti consentir\u00e0 di vedere tutto il meglio che questa affascinante citt\u00e0 ha da offrire. Con il commento esperto della tua guida ti muoverai attraverso la &#8220;Citt\u00e0 Eterna&#8221; con facilit\u00e0 coprendo tutti i principali punti salienti di Roma!<\/span><\/p>\n","protected":false},"featured_media":34597,"comment_status":"open","ping_status":"closed","template":"","meta":{"_jet_sm_ready_style":"","_jet_sm_style":"","_jet_sm_controls_values":"","_jet_sm_fonts_collection":"","_jet_sm_fonts_links":""},"product_brand":[],"product_cat":[1194,1181,1189,1193,1182,1185,1183],"product_tag":[],"class_list":{"0":"post-20018","1":"product","2":"type-product","3":"status-publish","4":"has-post-thumbnail","6":"product_cat-amanti-della-storia","7":"product_cat-destinazioni","8":"product_cat-esperienze-a-roma","9":"product_cat-natura-outdoor","10":"product_cat-roma","11":"product_cat-tour-della-citta-roma","12":"product_cat-tour-di-roma","14":"first","15":"instock","16":"virtual","17":"sold-individually","18":"purchasable","19":"product-type-booking"},"booking_location":"","booking_location_type":"","booking_duration":30,"booking_duration_unit":"minute","booking_buffer":0,"booking_cost":0,"booking_resources":[],"exclude_global_add_ons":[],"addons":[],"yoast_head":"<!-- This site is optimized with the Yoast SEO Premium plugin v26.8 (Yoast SEO v27.2) - https:\/\/yoast.com\/product\/yoast-seo-premium-wordpress\/ -->\n<title>Tour di Roma su Segway - Romeing Shop<\/title>\n<meta name=\"description\" content=\"Prenota questo tour di Roma in segway. Vedrai tutti i monumenti pi\u00f9 belli che questa citt\u00e0 ha da offrire.\" \/>\n<meta name=\"robots\" content=\"index, follow, max-snippet:-1, max-image-preview:large, max-video-preview:-1\" \/>\n<link rel=\"canonical\" href=\"https:\/\/www.romeing.it\/shop\/it\/prodotto\/tour-segway-di-roma\/\" \/>\n<meta property=\"og:locale\" content=\"it_IT\" \/>\n<meta property=\"og:type\" content=\"article\" \/>\n<meta property=\"og:title\" content=\"Rome in a day: discover Rome with a full day segway tour\" \/>\n<meta property=\"og:description\" content=\"A full day Segway tour of Rome that lets you see the very best this city has to offer. Covering all of the major Rome highlights and with lunch included.\" \/>\n<meta property=\"og:url\" content=\"https:\/\/www.romeing.it\/shop\/it\/prodotto\/tour-segway-di-roma\/\" \/>\n<meta property=\"og:site_name\" content=\"Romeing Shop\" \/>\n<meta property=\"article:publisher\" content=\"https:\/\/www.facebook.com\/Romeing.it\" \/>\n<meta property=\"article:modified_time\" content=\"2025-08-19T11:18:26+00:00\" \/>\n<meta name=\"twitter:card\" content=\"summary_large_image\" \/>\n<meta name=\"twitter:title\" content=\"Tour di Roma su Segway\" \/>\n<meta name=\"twitter:image\" content=\"https:\/\/www.romeing.it\/shop\/wp-content\/uploads\/2025\/07\/all-day-segway-tour-of-rome-1-6.jpg\" \/>\n<meta name=\"twitter:site\" content=\"@romeing\" \/>\n<meta name=\"twitter:label1\" content=\"Prezzo\" \/>\n\t<meta name=\"twitter:data1\" content=\"&euro;&nbsp;90,00\" \/>\n\t<meta name=\"twitter:label2\" content=\"Disponibilit\u00e0\" \/>\n\t<meta name=\"twitter:data2\" content=\"In stock\" \/>\n<script type=\"application\/ld+json\" class=\"yoast-schema-graph\">{\"@context\":\"https:\/\/schema.org\",\"@graph\":[{\"@type\":\"WebPage\",\"@id\":\"https:\/\/www.romeing.it\/shop\/it\/prodotto\/tour-segway-di-roma\/\",\"url\":\"https:\/\/www.romeing.it\/shop\/it\/prodotto\/tour-segway-di-roma\/\",\"name\":\"Tour di Roma su Segway - Romeing Shop\",\"isPartOf\":{\"@id\":\"https:\/\/www.romeing.it\/shop\/it\/#website\"},\"primaryImageOfPage\":{\"@id\":\"https:\/\/www.romeing.it\/shop\/it\/prodotto\/tour-segway-di-roma\/#primaryimage\"},\"image\":{\"@id\":\"https:\/\/www.romeing.it\/shop\/it\/prodotto\/tour-segway-di-roma\/#primaryimage\"},\"thumbnailUrl\":\"https:\/\/www.romeing.it\/shop\/wp-content\/uploads\/2025\/07\/all-day-segway-tour-of-rome-1-6.jpg\",\"datePublished\":\"2019-02-28T00:06:51+00:00\",\"dateModified\":\"2025-08-19T11:18:26+00:00\",\"description\":\"Prenota questo tour di Roma in segway. Vedrai tutti i monumenti pi\u00f9 belli che questa citt\u00e0 ha da offrire.\",\"breadcrumb\":{\"@id\":\"https:\/\/www.romeing.it\/shop\/it\/prodotto\/tour-segway-di-roma\/#breadcrumb\"},\"inLanguage\":\"it-IT\",\"potentialAction\":[{\"@type\":\"ReadAction\",\"target\":[\"https:\/\/www.romeing.it\/shop\/it\/prodotto\/tour-segway-di-roma\/\"]}]},{\"@type\":\"ImageObject\",\"inLanguage\":\"it-IT\",\"@id\":\"https:\/\/www.romeing.it\/shop\/it\/prodotto\/tour-segway-di-roma\/#primaryimage\",\"url\":\"https:\/\/www.romeing.it\/shop\/wp-content\/uploads\/2025\/07\/all-day-segway-tour-of-rome-1-6.jpg\",\"contentUrl\":\"https:\/\/www.romeing.it\/shop\/wp-content\/uploads\/2025\/07\/all-day-segway-tour-of-rome-1-6.jpg\",\"width\":960,\"height\":640,\"caption\":\"Roma in un giorno: Tour su Segway (con pranzo)\"},{\"@type\":\"BreadcrumbList\",\"@id\":\"https:\/\/www.romeing.it\/shop\/it\/prodotto\/tour-segway-di-roma\/#breadcrumb\",\"itemListElement\":[{\"@type\":\"ListItem\",\"position\":1,\"name\":\"Home\",\"item\":\"https:\/\/www.romeing.it\/shop\/it\/\"},{\"@type\":\"ListItem\",\"position\":2,\"name\":\"Negozio\",\"item\":\"https:\/\/www.romeing.it\/shop\/\"},{\"@type\":\"ListItem\",\"position\":3,\"name\":\"Tour di Roma su Segway\"}]},{\"@type\":\"WebSite\",\"@id\":\"https:\/\/www.romeing.it\/shop\/it\/#website\",\"url\":\"https:\/\/www.romeing.it\/shop\/it\/\",\"name\":\"Romeing Shop\",\"description\":\"Romeing Shop | Tours, Experiences and Airport Transfers in Rome, Florence and Italy\",\"publisher\":{\"@id\":\"https:\/\/www.romeing.it\/shop\/it\/#organization\"},\"potentialAction\":[{\"@type\":\"SearchAction\",\"target\":{\"@type\":\"EntryPoint\",\"urlTemplate\":\"https:\/\/www.romeing.it\/shop\/it\/?s={search_term_string}\"},\"query-input\":{\"@type\":\"PropertyValueSpecification\",\"valueRequired\":true,\"valueName\":\"search_term_string\"}}],\"inLanguage\":\"it-IT\"},{\"@type\":\"Organization\",\"@id\":\"https:\/\/www.romeing.it\/shop\/it\/#organization\",\"name\":\"Romeing Shop\",\"url\":\"https:\/\/www.romeing.it\/shop\/it\/\",\"logo\":{\"@type\":\"ImageObject\",\"inLanguage\":\"it-IT\",\"@id\":\"https:\/\/www.romeing.it\/shop\/it\/#\/schema\/logo\/image\/\",\"url\":\"https:\/\/www.romeing.it\/shop\/wp-content\/uploads\/2025\/07\/logo-romeing-shop-sito.png\",\"contentUrl\":\"https:\/\/www.romeing.it\/shop\/wp-content\/uploads\/2025\/07\/logo-romeing-shop-sito.png\",\"width\":360,\"height\":87,\"caption\":\"Romeing Shop\"},\"image\":{\"@id\":\"https:\/\/www.romeing.it\/shop\/it\/#\/schema\/logo\/image\/\"},\"sameAs\":[\"https:\/\/www.facebook.com\/Romeing.it\",\"https:\/\/x.com\/romeing\",\"https:\/\/www.linkedin.com\/company\/romeing-srl\",\"https:\/\/www.pinterest.it\/romeing\/\",\"https:\/\/www.instagram.com\/romeing_magazine\/\",\"https:\/\/www.youtube.com\/romeingit\",\"https:\/\/tiktok.com\/@romeing_magazine\"]}]}<\/script>\n<meta property=\"product:price:amount\" content=\"90.00\" \/>\n<meta property=\"product:price:currency\" content=\"EUR\" \/>\n<meta property=\"og:availability\" content=\"instock\" \/>\n<meta property=\"product:availability\" content=\"instock\" \/>\n<meta property=\"product:condition\" content=\"new\" \/>\n<!-- \/ Yoast SEO Premium plugin. -->","yoast_head_json":{"title":"Tour di Roma su Segway - Romeing Shop","description":"Prenota questo tour di Roma in segway. Vedrai tutti i monumenti pi\u00f9 belli che questa citt\u00e0 ha da offrire.","robots":{"index":"index","follow":"follow","max-snippet":"max-snippet:-1","max-image-preview":"max-image-preview:large","max-video-preview":"max-video-preview:-1"},"canonical":"https:\/\/www.romeing.it\/shop\/it\/prodotto\/tour-segway-di-roma\/","og_locale":"it_IT","og_type":"article","og_title":"Rome in a day: discover Rome with a full day segway tour","og_description":"A full day Segway tour of Rome that lets you see the very best this city has to offer. Covering all of the major Rome highlights and with lunch included.","og_url":"https:\/\/www.romeing.it\/shop\/it\/prodotto\/tour-segway-di-roma\/","og_site_name":"Romeing Shop","article_publisher":"https:\/\/www.facebook.com\/Romeing.it","article_modified_time":"2025-08-19T11:18:26+00:00","twitter_card":"summary_large_image","twitter_title":"Tour di Roma su Segway","twitter_image":"https:\/\/www.romeing.it\/shop\/wp-content\/uploads\/2025\/07\/all-day-segway-tour-of-rome-1-6.jpg","twitter_site":"@romeing","twitter_misc":{"Prezzo":"&euro;&nbsp;90,00","Disponibilit\u00e0":"In stock"},"schema":{"@context":"https:\/\/schema.org","@graph":[{"@type":"WebPage","@id":"https:\/\/www.romeing.it\/shop\/it\/prodotto\/tour-segway-di-roma\/","url":"https:\/\/www.romeing.it\/shop\/it\/prodotto\/tour-segway-di-roma\/","name":"Tour di Roma su Segway - Romeing Shop","isPartOf":{"@id":"https:\/\/www.romeing.it\/shop\/it\/#website"},"primaryImageOfPage":{"@id":"https:\/\/www.romeing.it\/shop\/it\/prodotto\/tour-segway-di-roma\/#primaryimage"},"image":{"@id":"https:\/\/www.romeing.it\/shop\/it\/prodotto\/tour-segway-di-roma\/#primaryimage"},"thumbnailUrl":"https:\/\/www.romeing.it\/shop\/wp-content\/uploads\/2025\/07\/all-day-segway-tour-of-rome-1-6.jpg","datePublished":"2019-02-28T00:06:51+00:00","dateModified":"2025-08-19T11:18:26+00:00","description":"Prenota questo tour di Roma in segway. Vedrai tutti i monumenti pi\u00f9 belli che questa citt\u00e0 ha da offrire.","breadcrumb":{"@id":"https:\/\/www.romeing.it\/shop\/it\/prodotto\/tour-segway-di-roma\/#breadcrumb"},"inLanguage":"it-IT","potentialAction":[{"@type":"ReadAction","target":["https:\/\/www.romeing.it\/shop\/it\/prodotto\/tour-segway-di-roma\/"]}]},{"@type":"ImageObject","inLanguage":"it-IT","@id":"https:\/\/www.romeing.it\/shop\/it\/prodotto\/tour-segway-di-roma\/#primaryimage","url":"https:\/\/www.romeing.it\/shop\/wp-content\/uploads\/2025\/07\/all-day-segway-tour-of-rome-1-6.jpg","contentUrl":"https:\/\/www.romeing.it\/shop\/wp-content\/uploads\/2025\/07\/all-day-segway-tour-of-rome-1-6.jpg","width":960,"height":640,"caption":"Roma in un giorno: Tour su Segway (con pranzo)"},{"@type":"BreadcrumbList","@id":"https:\/\/www.romeing.it\/shop\/it\/prodotto\/tour-segway-di-roma\/#breadcrumb","itemListElement":[{"@type":"ListItem","position":1,"name":"Home","item":"https:\/\/www.romeing.it\/shop\/it\/"},{"@type":"ListItem","position":2,"name":"Negozio","item":"https:\/\/www.romeing.it\/shop\/"},{"@type":"ListItem","position":3,"name":"Tour di Roma su Segway"}]},{"@type":"WebSite","@id":"https:\/\/www.romeing.it\/shop\/it\/#website","url":"https:\/\/www.romeing.it\/shop\/it\/","name":"Romeing Shop","description":"Romeing Shop | Tours, Experiences and Airport Transfers in Rome, Florence and Italy","publisher":{"@id":"https:\/\/www.romeing.it\/shop\/it\/#organization"},"potentialAction":[{"@type":"SearchAction","target":{"@type":"EntryPoint","urlTemplate":"https:\/\/www.romeing.it\/shop\/it\/?s={search_term_string}"},"query-input":{"@type":"PropertyValueSpecification","valueRequired":true,"valueName":"search_term_string"}}],"inLanguage":"it-IT"},{"@type":"Organization","@id":"https:\/\/www.romeing.it\/shop\/it\/#organization","name":"Romeing Shop","url":"https:\/\/www.romeing.it\/shop\/it\/","logo":{"@type":"ImageObject","inLanguage":"it-IT","@id":"https:\/\/www.romeing.it\/shop\/it\/#\/schema\/logo\/image\/","url":"https:\/\/www.romeing.it\/shop\/wp-content\/uploads\/2025\/07\/logo-romeing-shop-sito.png","contentUrl":"https:\/\/www.romeing.it\/shop\/wp-content\/uploads\/2025\/07\/logo-romeing-shop-sito.png","width":360,"height":87,"caption":"Romeing Shop"},"image":{"@id":"https:\/\/www.romeing.it\/shop\/it\/#\/schema\/logo\/image\/"},"sameAs":["https:\/\/www.facebook.com\/Romeing.it","https:\/\/x.com\/romeing","https:\/\/www.linkedin.com\/company\/romeing-srl","https:\/\/www.pinterest.it\/romeing\/","https:\/\/www.instagram.com\/romeing_magazine\/","https:\/\/www.youtube.com\/romeingit","https:\/\/tiktok.com\/@romeing_magazine"]}]},"product_price_amount":"90.00","product_price_currency":"EUR","og_availability":"instock","product_availability":"instock","product_condition":"new"},"wcpa_form_fields":null,"_links":{"self":[{"href":"https:\/\/www.romeing.it\/shop\/it\/wp-json\/wp\/v2\/product\/20018","targetHints":{"allow":["GET"]}}],"collection":[{"href":"https:\/\/www.romeing.it\/shop\/it\/wp-json\/wp\/v2\/product"}],"about":[{"href":"https:\/\/www.romeing.it\/shop\/it\/wp-json\/wp\/v2\/types\/product"}],"replies":[{"embeddable":true,"href":"https:\/\/www.romeing.it\/shop\/it\/wp-json\/wp\/v2\/comments?post=20018"}],"wp:featuredmedia":[{"embeddable":true,"href":"https:\/\/www.romeing.it\/shop\/it\/wp-json\/wp\/v2\/media\/34597"}],"wp:attachment":[{"href":"https:\/\/www.romeing.it\/shop\/it\/wp-json\/wp\/v2\/media?parent=20018"}],"wp:term":[{"taxonomy":"product_brand","embeddable":true,"href":"https:\/\/www.romeing.it\/shop\/it\/wp-json\/wp\/v2\/product_brand?post=20018"},{"taxonomy":"product_cat","embeddable":true,"href":"https:\/\/www.romeing.it\/shop\/it\/wp-json\/wp\/v2\/product_cat?post=20018"},{"taxonomy":"product_tag","embeddable":true,"href":"https:\/\/www.romeing.it\/shop\/it\/wp-json\/wp\/v2\/product_tag?post=20018"}],"curies":[{"name":"wp","href":"https:\/\/api.w.org\/{rel}","templated":true}]}}