{"id":20026,"date":"2019-02-28T00:30:06","date_gmt":"2019-02-27T23:30:06","guid":{"rendered":"https:\/\/www.romeing.it\/shop\/product\/roma-di-notte-segway-tour\/"},"modified":"2025-08-19T13:18:28","modified_gmt":"2025-08-19T11:18:28","slug":"roma-di-notte-segway-tour","status":"publish","type":"product","link":"https:\/\/www.romeing.it\/shop\/it\/prodotto\/roma-di-notte-segway-tour\/","title":{"rendered":"Roma di notte: tour su Segway"},"content":{"rendered":"<h2 style=\"text-align: left;\">Highlights<\/h2>\n<ul class=\"wcb-button cb-common check-button\">\n<li class=\"uk-icon-thumbs-o-up uk-text-medium\"><span style=\"font-size: 16px;\">\u00a0<strong>Un tour su Segway di 3 ore<\/strong> con una guida locale esperta e commento audio.<\/span><\/li>\n<li class=\"uk-icon-thumbs-o-up uk-text-medium\"><span style=\"font-size: 16px;\">\u00a0<strong>Tour di piccoli gruppi<\/strong>, con un massimo di 7 persone, ti assicurano un\u2019attenzione personalizzata da parte della tua guida.<\/span><\/li>\n<li class=\"uk-icon-thumbs-o-up uk-text-medium\"><span style=\"font-size: 16px;\">\u00a0<strong>Mezz\u2019ora di pratica sul Segway<\/strong> prima dell\u2019inizio del tour.<\/span><\/li>\n<li class=\"uk-icon-thumbs-o-up uk-text-medium\"><span style=\"font-size: 16px;\">\u00a0Grandi opportunit\u00e0 fotografiche.<\/span><\/li>\n<li class=\"uk-icon-thumbs-o-up uk-text-medium\"><span style=\"font-size: 16px;\">\u00a0Tante informazioni sulla Roma antica e moderna.<\/span><\/li>\n<li class=\"uk-icon-thumbs-o-up uk-text-medium\"><span style=\"font-size: 16px;\">\u00a0Un\u2019esperienza perfetta sul Segway che ti lascer\u00e0 con un \u201cSegway Smile\u201d!<\/span><\/li>\n<\/ul>\n<div>\n<h2 style=\"text-align: left;\">Cos&#8217;\u00e8 incluso e percorso<\/h2>\n<ul class=\"wcb-button cb-common check-button\">\n<li><span style=\"font-size: 16px;\">30min di istruzione alla guida di un Segway<\/span><\/li>\n<li><span style=\"font-size: 16px;\"><i class=\"uk-icon uk-icon-ok\"><\/i>Assicurazione<\/span><\/li>\n<li><span style=\"font-size: 16px;\"><i class=\"uk-icon uk-icon-ok\"><\/i>Una guida<\/span><\/li>\n<li><span style=\"font-size: 16px;\"><i class=\"uk-icon uk-icon-ok\"><\/i>Il noleggio di un Segway<\/span><\/li>\n<li><span style=\"font-size: 16px;\"><i class=\"uk-icon uk-icon-ok\"><\/i>Un casco<\/span><\/li>\n<li><span style=\"font-size: 16px;\"><i class=\"uk-icon uk-icon-ok\"><\/i>Un impermeabile in caso di pioggia<\/span><\/li>\n<li><span style=\"font-size: 16px;\">Luoghi che visiteremo:<\/span><\/li>\n<li><span style=\"font-size: 16px;\">Pantheon<\/span><\/li>\n<li><span style=\"font-size: 16px;\">Piazza Navona<\/span><\/li>\n<li><span style=\"font-size: 16px;\">Fontana di Trevi<\/span><\/li>\n<li><span style=\"font-size: 16px;\">Piazza di Spagna<\/span><\/li>\n<li><span style=\"font-size: 16px;\">Campo de&#8217; Fiori<\/span><\/li>\n<li><span style=\"font-size: 16px;\">Piazza Venezia<\/span><\/li>\n<li><span style=\"font-size: 16px;\">Piazza del Campidoglio<\/span><\/li>\n<li><span style=\"font-size: 16px;\">Teatro di Marcello<\/span><\/li>\n<li><span style=\"font-size: 16px;\">Ghetto ebraico<\/span><\/li>\n<li><span style=\"font-size: 16px;\">Chiesa di Sant\u2019Ignazio<\/span><\/li>\n<li><span style=\"font-size: 16px;\">Fontana dei fiumi<\/span><\/li>\n<li><span style=\"font-size: 16px;\">Elefante di Bernini<\/span><\/li>\n<li><span style=\"font-size: 16px;\">Colonna traiana<\/span><\/li>\n<li><span style=\"font-size: 16px;\">Monumento vittoriano di Vittorio Emanuele<\/span><\/li>\n<li><span style=\"font-size: 16px;\">e molto altro<\/span><\/li>\n<\/ul>\n<div>\n<h2 style=\"text-align: left;\">Cos&#8217;\u00e8 escluso<\/h2>\n<ul class=\"wcb-button cb-common cross-button\">\n<li><span style=\"font-size: 16px;\">Hotel pick up &amp; drop off<\/span><\/li>\n<li><span style=\"font-size: 16px;\">Biglietti d\u2019ingresso (tutti i monumenti visitati in questo tour sono visitati dall\u2019esterno o sono liberi di entrare)<\/span>\n<div class=\"container-fluid\">\n<div class=\"row main-content-wrap\">\n<div class=\"main-content col-lg-12\"><\/div>\n<\/div>\n<\/div>\n<\/li>\n<\/ul>\n<\/div>\n<\/div>\n","protected":false},"excerpt":{"rendered":"<p class=\"p1\"><span style=\"font-size: 16px;\">Inondata dalla luce della luna, la bellezza di Roma \u00e8 ancora pi\u00f9 eterna e accattivante che di giorno e le luci sulle fontane e sui palazzi della citt\u00e0 rivelano un lato completamente nuovo. La tua guida ti porter\u00e0 negli angoli segreti della citt\u00e0. Ti fermerai nelle gelaterie e bar dove potrai assaggiare il gelato e le bevande tipiche italiane per concludere la serata. Questo tour in Segway ti porter\u00e0 alla scoperta della vita notturna romana.<\/span><\/p>\n<p><span style=\"font-size: 16px;\"><strong>*si prega di notare che verranno pagati solo \u20ac15 a persona online, il pagamento residuo di \u20ac70 a persona dovr\u00e0 essere effettuato il giorno del tour in segway.<\/strong><\/span><\/p>\n","protected":false},"featured_media":34560,"comment_status":"open","ping_status":"closed","template":"","meta":{"_jet_sm_ready_style":"","_jet_sm_style":"","_jet_sm_controls_values":"","_jet_sm_fonts_collection":"","_jet_sm_fonts_links":""},"product_brand":[],"product_cat":[1194,1189,1193,1182,1185,1183],"product_tag":[],"class_list":{"0":"post-20026","1":"product","2":"type-product","3":"status-publish","4":"has-post-thumbnail","6":"product_cat-amanti-della-storia","7":"product_cat-esperienze-a-roma","8":"product_cat-natura-outdoor","9":"product_cat-roma","10":"product_cat-tour-della-citta-roma","11":"product_cat-tour-di-roma","13":"first","14":"instock","15":"virtual","16":"sold-individually","17":"purchasable","18":"product-type-booking"},"booking_location":"","booking_location_type":"","booking_duration":30,"booking_duration_unit":"minute","booking_buffer":0,"booking_cost":0,"booking_resources":[],"exclude_global_add_ons":[],"addons":[],"yoast_head":"<!-- This site is optimized with the Yoast SEO Premium plugin v26.8 (Yoast SEO v27.2) - https:\/\/yoast.com\/product\/yoast-seo-premium-wordpress\/ -->\n<title>Segway Tour di Roma di notte - Romeing Shop<\/title>\n<meta name=\"description\" content=\"I monumenti, le fontane e le piazze di Roma diventano ancora pi\u00f9 abbaglianti dopo il tramonto. Esplora Roma di notte con il nostro tour in Segway di Roma.\" \/>\n<meta name=\"robots\" content=\"index, follow, max-snippet:-1, max-image-preview:large, max-video-preview:-1\" \/>\n<link rel=\"canonical\" href=\"https:\/\/www.romeing.it\/shop\/it\/prodotto\/roma-di-notte-segway-tour\/\" \/>\n<meta property=\"og:locale\" content=\"it_IT\" \/>\n<meta property=\"og:type\" content=\"article\" \/>\n<meta property=\"og:title\" content=\"Roma di notte Tour su Segway\" \/>\n<meta property=\"og:description\" content=\"I monumenti, le fontane e le piazze di Roma diventano ancora pi\u00f9 abbaglianti dopo il tramonto. Esplora Roma di notte con il nostro tour in Segway di Roma.\" \/>\n<meta property=\"og:url\" content=\"https:\/\/www.romeing.it\/shop\/it\/prodotto\/roma-di-notte-segway-tour\/\" \/>\n<meta property=\"og:site_name\" content=\"Romeing Shop\" \/>\n<meta property=\"article:publisher\" content=\"https:\/\/www.facebook.com\/Romeing.it\" \/>\n<meta property=\"article:modified_time\" content=\"2025-08-19T11:18:28+00:00\" \/>\n<meta name=\"twitter:card\" content=\"summary_large_image\" \/>\n<meta name=\"twitter:title\" content=\"Roma di notte: tour su Segway\" \/>\n<meta name=\"twitter:image\" content=\"https:\/\/www.romeing.it\/shop\/wp-content\/uploads\/2025\/07\/rome-by-night-segway-tour-1-9.jpg\" \/>\n<meta name=\"twitter:site\" content=\"@romeing\" \/>\n<meta name=\"twitter:label1\" content=\"Prezzo\" \/>\n\t<meta name=\"twitter:data1\" content=\"&euro;&nbsp;85,00\" \/>\n\t<meta name=\"twitter:label2\" content=\"Disponibilit\u00e0\" \/>\n\t<meta name=\"twitter:data2\" content=\"In stock\" \/>\n<script type=\"application\/ld+json\" class=\"yoast-schema-graph\">{\"@context\":\"https:\/\/schema.org\",\"@graph\":[{\"@type\":\"WebPage\",\"@id\":\"https:\/\/www.romeing.it\/shop\/it\/prodotto\/roma-di-notte-segway-tour\/\",\"url\":\"https:\/\/www.romeing.it\/shop\/it\/prodotto\/roma-di-notte-segway-tour\/\",\"name\":\"Segway Tour di Roma di notte - Romeing Shop\",\"isPartOf\":{\"@id\":\"https:\/\/www.romeing.it\/shop\/it\/#website\"},\"primaryImageOfPage\":{\"@id\":\"https:\/\/www.romeing.it\/shop\/it\/prodotto\/roma-di-notte-segway-tour\/#primaryimage\"},\"image\":{\"@id\":\"https:\/\/www.romeing.it\/shop\/it\/prodotto\/roma-di-notte-segway-tour\/#primaryimage\"},\"thumbnailUrl\":\"https:\/\/www.romeing.it\/shop\/wp-content\/uploads\/2025\/07\/rome-by-night-segway-tour-1-9.jpg\",\"datePublished\":\"2019-02-27T23:30:06+00:00\",\"dateModified\":\"2025-08-19T11:18:28+00:00\",\"description\":\"I monumenti, le fontane e le piazze di Roma diventano ancora pi\u00f9 abbaglianti dopo il tramonto. Esplora Roma di notte con il nostro tour in Segway di Roma.\",\"breadcrumb\":{\"@id\":\"https:\/\/www.romeing.it\/shop\/it\/prodotto\/roma-di-notte-segway-tour\/#breadcrumb\"},\"inLanguage\":\"it-IT\",\"potentialAction\":[{\"@type\":\"ReadAction\",\"target\":[\"https:\/\/www.romeing.it\/shop\/it\/prodotto\/roma-di-notte-segway-tour\/\"]}]},{\"@type\":\"ImageObject\",\"inLanguage\":\"it-IT\",\"@id\":\"https:\/\/www.romeing.it\/shop\/it\/prodotto\/roma-di-notte-segway-tour\/#primaryimage\",\"url\":\"https:\/\/www.romeing.it\/shop\/wp-content\/uploads\/2025\/07\/rome-by-night-segway-tour-1-9.jpg\",\"contentUrl\":\"https:\/\/www.romeing.it\/shop\/wp-content\/uploads\/2025\/07\/rome-by-night-segway-tour-1-9.jpg\",\"width\":960,\"height\":960,\"caption\":\"Roma di notte Tour su Segway\"},{\"@type\":\"BreadcrumbList\",\"@id\":\"https:\/\/www.romeing.it\/shop\/it\/prodotto\/roma-di-notte-segway-tour\/#breadcrumb\",\"itemListElement\":[{\"@type\":\"ListItem\",\"position\":1,\"name\":\"Home\",\"item\":\"https:\/\/www.romeing.it\/shop\/it\/\"},{\"@type\":\"ListItem\",\"position\":2,\"name\":\"Negozio\",\"item\":\"https:\/\/www.romeing.it\/shop\/\"},{\"@type\":\"ListItem\",\"position\":3,\"name\":\"Roma di notte: tour su Segway\"}]},{\"@type\":\"WebSite\",\"@id\":\"https:\/\/www.romeing.it\/shop\/it\/#website\",\"url\":\"https:\/\/www.romeing.it\/shop\/it\/\",\"name\":\"Romeing Shop\",\"description\":\"Romeing Shop | Tours, Experiences and Airport Transfers in Rome, Florence and Italy\",\"publisher\":{\"@id\":\"https:\/\/www.romeing.it\/shop\/it\/#organization\"},\"potentialAction\":[{\"@type\":\"SearchAction\",\"target\":{\"@type\":\"EntryPoint\",\"urlTemplate\":\"https:\/\/www.romeing.it\/shop\/it\/?s={search_term_string}\"},\"query-input\":{\"@type\":\"PropertyValueSpecification\",\"valueRequired\":true,\"valueName\":\"search_term_string\"}}],\"inLanguage\":\"it-IT\"},{\"@type\":\"Organization\",\"@id\":\"https:\/\/www.romeing.it\/shop\/it\/#organization\",\"name\":\"Romeing Shop\",\"url\":\"https:\/\/www.romeing.it\/shop\/it\/\",\"logo\":{\"@type\":\"ImageObject\",\"inLanguage\":\"it-IT\",\"@id\":\"https:\/\/www.romeing.it\/shop\/it\/#\/schema\/logo\/image\/\",\"url\":\"https:\/\/www.romeing.it\/shop\/wp-content\/uploads\/2025\/07\/logo-romeing-shop-sito.png\",\"contentUrl\":\"https:\/\/www.romeing.it\/shop\/wp-content\/uploads\/2025\/07\/logo-romeing-shop-sito.png\",\"width\":360,\"height\":87,\"caption\":\"Romeing Shop\"},\"image\":{\"@id\":\"https:\/\/www.romeing.it\/shop\/it\/#\/schema\/logo\/image\/\"},\"sameAs\":[\"https:\/\/www.facebook.com\/Romeing.it\",\"https:\/\/x.com\/romeing\",\"https:\/\/www.linkedin.com\/company\/romeing-srl\",\"https:\/\/www.pinterest.it\/romeing\/\",\"https:\/\/www.instagram.com\/romeing_magazine\/\",\"https:\/\/www.youtube.com\/romeingit\",\"https:\/\/tiktok.com\/@romeing_magazine\"]}]}<\/script>\n<meta property=\"product:price:amount\" content=\"85.00\" \/>\n<meta property=\"product:price:currency\" content=\"EUR\" \/>\n<meta property=\"og:availability\" content=\"instock\" \/>\n<meta property=\"product:availability\" content=\"instock\" \/>\n<meta property=\"product:condition\" content=\"new\" \/>\n<!-- \/ Yoast SEO Premium plugin. -->","yoast_head_json":{"title":"Segway Tour di Roma di notte - Romeing Shop","description":"I monumenti, le fontane e le piazze di Roma diventano ancora pi\u00f9 abbaglianti dopo il tramonto. Esplora Roma di notte con il nostro tour in Segway di Roma.","robots":{"index":"index","follow":"follow","max-snippet":"max-snippet:-1","max-image-preview":"max-image-preview:large","max-video-preview":"max-video-preview:-1"},"canonical":"https:\/\/www.romeing.it\/shop\/it\/prodotto\/roma-di-notte-segway-tour\/","og_locale":"it_IT","og_type":"article","og_title":"Roma di notte Tour su Segway","og_description":"I monumenti, le fontane e le piazze di Roma diventano ancora pi\u00f9 abbaglianti dopo il tramonto. Esplora Roma di notte con il nostro tour in Segway di Roma.","og_url":"https:\/\/www.romeing.it\/shop\/it\/prodotto\/roma-di-notte-segway-tour\/","og_site_name":"Romeing Shop","article_publisher":"https:\/\/www.facebook.com\/Romeing.it","article_modified_time":"2025-08-19T11:18:28+00:00","twitter_card":"summary_large_image","twitter_title":"Roma di notte: tour su Segway","twitter_image":"https:\/\/www.romeing.it\/shop\/wp-content\/uploads\/2025\/07\/rome-by-night-segway-tour-1-9.jpg","twitter_site":"@romeing","twitter_misc":{"Prezzo":"&euro;&nbsp;85,00","Disponibilit\u00e0":"In stock"},"schema":{"@context":"https:\/\/schema.org","@graph":[{"@type":"WebPage","@id":"https:\/\/www.romeing.it\/shop\/it\/prodotto\/roma-di-notte-segway-tour\/","url":"https:\/\/www.romeing.it\/shop\/it\/prodotto\/roma-di-notte-segway-tour\/","name":"Segway Tour di Roma di notte - Romeing Shop","isPartOf":{"@id":"https:\/\/www.romeing.it\/shop\/it\/#website"},"primaryImageOfPage":{"@id":"https:\/\/www.romeing.it\/shop\/it\/prodotto\/roma-di-notte-segway-tour\/#primaryimage"},"image":{"@id":"https:\/\/www.romeing.it\/shop\/it\/prodotto\/roma-di-notte-segway-tour\/#primaryimage"},"thumbnailUrl":"https:\/\/www.romeing.it\/shop\/wp-content\/uploads\/2025\/07\/rome-by-night-segway-tour-1-9.jpg","datePublished":"2019-02-27T23:30:06+00:00","dateModified":"2025-08-19T11:18:28+00:00","description":"I monumenti, le fontane e le piazze di Roma diventano ancora pi\u00f9 abbaglianti dopo il tramonto. Esplora Roma di notte con il nostro tour in Segway di Roma.","breadcrumb":{"@id":"https:\/\/www.romeing.it\/shop\/it\/prodotto\/roma-di-notte-segway-tour\/#breadcrumb"},"inLanguage":"it-IT","potentialAction":[{"@type":"ReadAction","target":["https:\/\/www.romeing.it\/shop\/it\/prodotto\/roma-di-notte-segway-tour\/"]}]},{"@type":"ImageObject","inLanguage":"it-IT","@id":"https:\/\/www.romeing.it\/shop\/it\/prodotto\/roma-di-notte-segway-tour\/#primaryimage","url":"https:\/\/www.romeing.it\/shop\/wp-content\/uploads\/2025\/07\/rome-by-night-segway-tour-1-9.jpg","contentUrl":"https:\/\/www.romeing.it\/shop\/wp-content\/uploads\/2025\/07\/rome-by-night-segway-tour-1-9.jpg","width":960,"height":960,"caption":"Roma di notte Tour su Segway"},{"@type":"BreadcrumbList","@id":"https:\/\/www.romeing.it\/shop\/it\/prodotto\/roma-di-notte-segway-tour\/#breadcrumb","itemListElement":[{"@type":"ListItem","position":1,"name":"Home","item":"https:\/\/www.romeing.it\/shop\/it\/"},{"@type":"ListItem","position":2,"name":"Negozio","item":"https:\/\/www.romeing.it\/shop\/"},{"@type":"ListItem","position":3,"name":"Roma di notte: tour su Segway"}]},{"@type":"WebSite","@id":"https:\/\/www.romeing.it\/shop\/it\/#website","url":"https:\/\/www.romeing.it\/shop\/it\/","name":"Romeing Shop","description":"Romeing Shop | Tours, Experiences and Airport Transfers in Rome, Florence and Italy","publisher":{"@id":"https:\/\/www.romeing.it\/shop\/it\/#organization"},"potentialAction":[{"@type":"SearchAction","target":{"@type":"EntryPoint","urlTemplate":"https:\/\/www.romeing.it\/shop\/it\/?s={search_term_string}"},"query-input":{"@type":"PropertyValueSpecification","valueRequired":true,"valueName":"search_term_string"}}],"inLanguage":"it-IT"},{"@type":"Organization","@id":"https:\/\/www.romeing.it\/shop\/it\/#organization","name":"Romeing Shop","url":"https:\/\/www.romeing.it\/shop\/it\/","logo":{"@type":"ImageObject","inLanguage":"it-IT","@id":"https:\/\/www.romeing.it\/shop\/it\/#\/schema\/logo\/image\/","url":"https:\/\/www.romeing.it\/shop\/wp-content\/uploads\/2025\/07\/logo-romeing-shop-sito.png","contentUrl":"https:\/\/www.romeing.it\/shop\/wp-content\/uploads\/2025\/07\/logo-romeing-shop-sito.png","width":360,"height":87,"caption":"Romeing Shop"},"image":{"@id":"https:\/\/www.romeing.it\/shop\/it\/#\/schema\/logo\/image\/"},"sameAs":["https:\/\/www.facebook.com\/Romeing.it","https:\/\/x.com\/romeing","https:\/\/www.linkedin.com\/company\/romeing-srl","https:\/\/www.pinterest.it\/romeing\/","https:\/\/www.instagram.com\/romeing_magazine\/","https:\/\/www.youtube.com\/romeingit","https:\/\/tiktok.com\/@romeing_magazine"]}]},"product_price_amount":"85.00","product_price_currency":"EUR","og_availability":"instock","product_availability":"instock","product_condition":"new"},"wcpa_form_fields":null,"_links":{"self":[{"href":"https:\/\/www.romeing.it\/shop\/it\/wp-json\/wp\/v2\/product\/20026","targetHints":{"allow":["GET"]}}],"collection":[{"href":"https:\/\/www.romeing.it\/shop\/it\/wp-json\/wp\/v2\/product"}],"about":[{"href":"https:\/\/www.romeing.it\/shop\/it\/wp-json\/wp\/v2\/types\/product"}],"replies":[{"embeddable":true,"href":"https:\/\/www.romeing.it\/shop\/it\/wp-json\/wp\/v2\/comments?post=20026"}],"wp:featuredmedia":[{"embeddable":true,"href":"https:\/\/www.romeing.it\/shop\/it\/wp-json\/wp\/v2\/media\/34560"}],"wp:attachment":[{"href":"https:\/\/www.romeing.it\/shop\/it\/wp-json\/wp\/v2\/media?parent=20026"}],"wp:term":[{"taxonomy":"product_brand","embeddable":true,"href":"https:\/\/www.romeing.it\/shop\/it\/wp-json\/wp\/v2\/product_brand?post=20026"},{"taxonomy":"product_cat","embeddable":true,"href":"https:\/\/www.romeing.it\/shop\/it\/wp-json\/wp\/v2\/product_cat?post=20026"},{"taxonomy":"product_tag","embeddable":true,"href":"https:\/\/www.romeing.it\/shop\/it\/wp-json\/wp\/v2\/product_tag?post=20026"}],"curies":[{"name":"wp","href":"https:\/\/api.w.org\/{rel}","templated":true}]}}