{"id":20238,"date":"2018-12-06T14:32:13","date_gmt":"2018-12-06T13:32:13","guid":{"rendered":"https:\/\/www.romeing.it\/shop\/product\/tour-privato-quartiere-ebraico-di-roma-e-sinagoga\/"},"modified":"2025-08-19T13:18:06","modified_gmt":"2025-08-19T11:18:06","slug":"tour-privato-quartiere-ebraico-di-roma-e-sinagoga","status":"publish","type":"product","link":"https:\/\/www.romeing.it\/shop\/it\/prodotto\/tour-privato-quartiere-ebraico-di-roma-e-sinagoga\/","title":{"rendered":"Tour privato del quartiere ebraico di Roma, Trastevere, e Isola Tiberina"},"content":{"rendered":"<h2>Highlights<\/h2>\n<ul class=\"wcb-button cb-common check-button\">\n<li><span style=\"font-size: 16px;\">Tour privato con autista di 3 ore<\/span><\/li>\n<li><span style=\"font-size: 16px;\">Visita al Portico d\u2019Ottavia e Teatro Marcello<br \/>\n<\/span><\/li>\n<li>Scopri il quartiere ebraico di Roma con Piazza Mattei, la Fontana delle Tartarughe e la Sinagoga<\/li>\n<li>Visita l&#8217;Isola Tiberina e Santa Maria a Trastevere<\/li>\n<\/ul>\n<div class=\"ul-style check\">\n<h2>Cos&#8217;\u00e8 incluso<\/h2>\n<ul class=\"wcb-button cb-common check-button\">\n<li>Partenza direttamente dal vostro hotel\/appartamento\/B&amp;B<\/li>\n<li>Tour guidato di Ghetto, Isola Tiberina e Trastevere<\/li>\n<li>Guida professionale e certificata<\/li>\n<li>Ritorno in hotel, o qualsiasi altro luogo in centro citt\u00e0<\/li>\n<\/ul>\n<div class=\"ul-style cross\">\n<h2>Cos&#8217;\u00e8 escluso<\/h2>\n<ul class=\"wcb-button cb-common cross-button\">\n<li><span style=\"font-size: 16px;\">Auricolari<\/span><\/li>\n<li><span style=\"font-size: 16px;\">Snack<\/span><\/li>\n<li><span style=\"font-size: 16px;\">Mance<\/span><\/li>\n<\/ul>\n<\/div>\n<\/div>\n","protected":false},"excerpt":{"rendered":"<p class=\"p1\"><span style=\"font-size: 16px;\">Roma ha una delle comunit\u00e0 ebraiche pi\u00f9 antiche d\u2019Europa, risalente al II secolo a.C. Mentre in passato il Ghetto ebraico era circondato da mura e gli ebrei romani erano costretti a vivere in spazi molto piccoli e spesso in terribili condizioni igieniche, oggi il Ghetto \u00e8 una delle zone pi\u00f9 amate di Roma. Famoso sia per i romani che per i turisti per la sua storia, il quartiere ebraico \u00e8 anche rinomato per avere dei ristoranti con un\u2019ottima cucina tipica. Parti per un viaggio indietro nel tempo, alla scoperta di questo caratteristico quartiere di Roma.<\/span><\/p>\n<p>Scopri inoltre la bellissima Isola Tiberina ed il caratteristico quartiere di Trastevere.<\/p>\n","protected":false},"featured_media":34292,"comment_status":"open","ping_status":"closed","template":"","meta":{"_jet_sm_ready_style":"","_jet_sm_style":"","_jet_sm_controls_values":"","_jet_sm_fonts_collection":"","_jet_sm_fonts_links":""},"product_brand":[],"product_cat":[1182,1185,1183,1188],"product_tag":[],"class_list":{"0":"post-20238","1":"product","2":"type-product","3":"status-publish","4":"has-post-thumbnail","6":"product_cat-roma","7":"product_cat-tour-della-citta-roma","8":"product_cat-tour-di-roma","9":"product_cat-tour-privati-di-roma","11":"first","12":"instock","13":"shipping-taxable","14":"product-type-external"},"booking_location":null,"booking_location_type":null,"booking_duration":null,"booking_duration_unit":null,"booking_buffer":null,"booking_cost":null,"booking_resources":null,"exclude_global_add_ons":[],"addons":[],"yoast_head":"<!-- This site is optimized with the Yoast SEO Premium plugin v26.8 (Yoast SEO v27.2) - https:\/\/yoast.com\/product\/yoast-seo-premium-wordpress\/ -->\n<title>Tour privato del quartiere ebraico di Roma, Trastevere, Isola Tiberina<\/title>\n<meta name=\"description\" content=\"La visita guidata a Trastevere, Ghetto Ebraico e Isola Tiberina vi far\u00e0 esplorare la parte di Roma lontana dal traffico cittadino e dalle folle.\" \/>\n<meta name=\"robots\" content=\"index, follow, max-snippet:-1, max-image-preview:large, max-video-preview:-1\" \/>\n<link rel=\"canonical\" href=\"https:\/\/www.romeing.it\/shop\/it\/prodotto\/tour-privato-quartiere-ebraico-di-roma-e-sinagoga\/\" \/>\n<meta property=\"og:locale\" content=\"it_IT\" \/>\n<meta property=\"og:type\" content=\"article\" \/>\n<meta property=\"og:title\" content=\"Tour privato del quartiere ebraico di Roma tour della Sinagoga\" \/>\n<meta property=\"og:description\" content=\"Esplora il quartiere ebraico e la sinagoga di Roma in questo tour privato. Visita luoghi come il Foro Boario, il Portico di Ottavia e altro ancora.\" \/>\n<meta property=\"og:url\" content=\"https:\/\/www.romeing.it\/shop\/it\/prodotto\/tour-privato-quartiere-ebraico-di-roma-e-sinagoga\/\" \/>\n<meta property=\"og:site_name\" content=\"Romeing Shop\" \/>\n<meta property=\"article:publisher\" content=\"https:\/\/www.facebook.com\/Romeing.it\" \/>\n<meta property=\"article:modified_time\" content=\"2025-08-19T11:18:06+00:00\" \/>\n<meta property=\"og:image\" content=\"https:\/\/www.romeing.it\/shop\/wp-content\/uploads\/2025\/07\/ponte-fabricio-roma-10.jpeg\" \/>\n\t<meta property=\"og:image:width\" content=\"960\" \/>\n\t<meta property=\"og:image:height\" content=\"960\" \/>\n\t<meta property=\"og:image:type\" content=\"image\/jpeg\" \/>\n<meta name=\"twitter:card\" content=\"summary_large_image\" \/>\n<meta name=\"twitter:title\" content=\"Tour privato del quartiere ebraico di Roma, Trastevere, e Isola Tiberina\" \/>\n<meta name=\"twitter:site\" content=\"@romeing\" \/>\n<meta name=\"twitter:label1\" content=\"Prezzo\" \/>\n\t<meta name=\"twitter:data1\" content=\"&euro;&nbsp;55,00\" \/>\n\t<meta name=\"twitter:label2\" content=\"Disponibilit\u00e0\" \/>\n\t<meta name=\"twitter:data2\" content=\"In stock\" \/>\n<script type=\"application\/ld+json\" class=\"yoast-schema-graph\">{\"@context\":\"https:\/\/schema.org\",\"@graph\":[{\"@type\":\"WebPage\",\"@id\":\"https:\/\/www.romeing.it\/shop\/it\/prodotto\/tour-privato-quartiere-ebraico-di-roma-e-sinagoga\/\",\"url\":\"https:\/\/www.romeing.it\/shop\/it\/prodotto\/tour-privato-quartiere-ebraico-di-roma-e-sinagoga\/\",\"name\":\"Tour privato del quartiere ebraico di Roma, Trastevere, Isola Tiberina\",\"isPartOf\":{\"@id\":\"https:\/\/www.romeing.it\/shop\/it\/#website\"},\"primaryImageOfPage\":{\"@id\":\"https:\/\/www.romeing.it\/shop\/it\/prodotto\/tour-privato-quartiere-ebraico-di-roma-e-sinagoga\/#primaryimage\"},\"image\":{\"@id\":\"https:\/\/www.romeing.it\/shop\/it\/prodotto\/tour-privato-quartiere-ebraico-di-roma-e-sinagoga\/#primaryimage\"},\"thumbnailUrl\":\"https:\/\/www.romeing.it\/shop\/wp-content\/uploads\/2025\/07\/ponte-fabricio-roma-10.jpeg\",\"datePublished\":\"2018-12-06T13:32:13+00:00\",\"dateModified\":\"2025-08-19T11:18:06+00:00\",\"description\":\"La visita guidata a Trastevere, Ghetto Ebraico e Isola Tiberina vi far\u00e0 esplorare la parte di Roma lontana dal traffico cittadino e dalle folle.\",\"breadcrumb\":{\"@id\":\"https:\/\/www.romeing.it\/shop\/it\/prodotto\/tour-privato-quartiere-ebraico-di-roma-e-sinagoga\/#breadcrumb\"},\"inLanguage\":\"it-IT\",\"potentialAction\":[{\"@type\":\"ReadAction\",\"target\":[\"https:\/\/www.romeing.it\/shop\/it\/prodotto\/tour-privato-quartiere-ebraico-di-roma-e-sinagoga\/\"]}]},{\"@type\":\"ImageObject\",\"inLanguage\":\"it-IT\",\"@id\":\"https:\/\/www.romeing.it\/shop\/it\/prodotto\/tour-privato-quartiere-ebraico-di-roma-e-sinagoga\/#primaryimage\",\"url\":\"https:\/\/www.romeing.it\/shop\/wp-content\/uploads\/2025\/07\/ponte-fabricio-roma-10.jpeg\",\"contentUrl\":\"https:\/\/www.romeing.it\/shop\/wp-content\/uploads\/2025\/07\/ponte-fabricio-roma-10.jpeg\",\"width\":960,\"height\":960,\"caption\":\"Tour privato del quartiere ebraico di Roma + tour della Sinagoga\"},{\"@type\":\"BreadcrumbList\",\"@id\":\"https:\/\/www.romeing.it\/shop\/it\/prodotto\/tour-privato-quartiere-ebraico-di-roma-e-sinagoga\/#breadcrumb\",\"itemListElement\":[{\"@type\":\"ListItem\",\"position\":1,\"name\":\"Home\",\"item\":\"https:\/\/www.romeing.it\/shop\/it\/\"},{\"@type\":\"ListItem\",\"position\":2,\"name\":\"Negozio\",\"item\":\"https:\/\/www.romeing.it\/shop\/\"},{\"@type\":\"ListItem\",\"position\":3,\"name\":\"Tour privato del quartiere ebraico di Roma, Trastevere, e Isola Tiberina\"}]},{\"@type\":\"WebSite\",\"@id\":\"https:\/\/www.romeing.it\/shop\/it\/#website\",\"url\":\"https:\/\/www.romeing.it\/shop\/it\/\",\"name\":\"Romeing Shop\",\"description\":\"Romeing Shop | Tours, Experiences and Airport Transfers in Rome, Florence and Italy\",\"publisher\":{\"@id\":\"https:\/\/www.romeing.it\/shop\/it\/#organization\"},\"potentialAction\":[{\"@type\":\"SearchAction\",\"target\":{\"@type\":\"EntryPoint\",\"urlTemplate\":\"https:\/\/www.romeing.it\/shop\/it\/?s={search_term_string}\"},\"query-input\":{\"@type\":\"PropertyValueSpecification\",\"valueRequired\":true,\"valueName\":\"search_term_string\"}}],\"inLanguage\":\"it-IT\"},{\"@type\":\"Organization\",\"@id\":\"https:\/\/www.romeing.it\/shop\/it\/#organization\",\"name\":\"Romeing Shop\",\"url\":\"https:\/\/www.romeing.it\/shop\/it\/\",\"logo\":{\"@type\":\"ImageObject\",\"inLanguage\":\"it-IT\",\"@id\":\"https:\/\/www.romeing.it\/shop\/it\/#\/schema\/logo\/image\/\",\"url\":\"https:\/\/www.romeing.it\/shop\/wp-content\/uploads\/2025\/07\/logo-romeing-shop-sito.png\",\"contentUrl\":\"https:\/\/www.romeing.it\/shop\/wp-content\/uploads\/2025\/07\/logo-romeing-shop-sito.png\",\"width\":360,\"height\":87,\"caption\":\"Romeing Shop\"},\"image\":{\"@id\":\"https:\/\/www.romeing.it\/shop\/it\/#\/schema\/logo\/image\/\"},\"sameAs\":[\"https:\/\/www.facebook.com\/Romeing.it\",\"https:\/\/x.com\/romeing\",\"https:\/\/www.linkedin.com\/company\/romeing-srl\",\"https:\/\/www.pinterest.it\/romeing\/\",\"https:\/\/www.instagram.com\/romeing_magazine\/\",\"https:\/\/www.youtube.com\/romeingit\",\"https:\/\/tiktok.com\/@romeing_magazine\"]}]}<\/script>\n<meta property=\"product:price:amount\" content=\"55.00\" \/>\n<meta property=\"product:price:currency\" content=\"EUR\" \/>\n<meta property=\"og:availability\" content=\"instock\" \/>\n<meta property=\"product:availability\" content=\"instock\" \/>\n<meta property=\"product:condition\" content=\"new\" \/>\n<!-- \/ Yoast SEO Premium plugin. -->","yoast_head_json":{"title":"Tour privato del quartiere ebraico di Roma, Trastevere, Isola Tiberina","description":"La visita guidata a Trastevere, Ghetto Ebraico e Isola Tiberina vi far\u00e0 esplorare la parte di Roma lontana dal traffico cittadino e dalle folle.","robots":{"index":"index","follow":"follow","max-snippet":"max-snippet:-1","max-image-preview":"max-image-preview:large","max-video-preview":"max-video-preview:-1"},"canonical":"https:\/\/www.romeing.it\/shop\/it\/prodotto\/tour-privato-quartiere-ebraico-di-roma-e-sinagoga\/","og_locale":"it_IT","og_type":"article","og_title":"Tour privato del quartiere ebraico di Roma tour della Sinagoga","og_description":"Esplora il quartiere ebraico e la sinagoga di Roma in questo tour privato. Visita luoghi come il Foro Boario, il Portico di Ottavia e altro ancora.","og_url":"https:\/\/www.romeing.it\/shop\/it\/prodotto\/tour-privato-quartiere-ebraico-di-roma-e-sinagoga\/","og_site_name":"Romeing Shop","article_publisher":"https:\/\/www.facebook.com\/Romeing.it","article_modified_time":"2025-08-19T11:18:06+00:00","og_image":[{"width":960,"height":960,"url":"https:\/\/www.romeing.it\/shop\/wp-content\/uploads\/2025\/07\/ponte-fabricio-roma-10.jpeg","type":"image\/jpeg"}],"twitter_card":"summary_large_image","twitter_title":"Tour privato del quartiere ebraico di Roma, Trastevere, e Isola Tiberina","twitter_site":"@romeing","twitter_misc":{"Prezzo":"&euro;&nbsp;55,00","Disponibilit\u00e0":"In stock"},"schema":{"@context":"https:\/\/schema.org","@graph":[{"@type":"WebPage","@id":"https:\/\/www.romeing.it\/shop\/it\/prodotto\/tour-privato-quartiere-ebraico-di-roma-e-sinagoga\/","url":"https:\/\/www.romeing.it\/shop\/it\/prodotto\/tour-privato-quartiere-ebraico-di-roma-e-sinagoga\/","name":"Tour privato del quartiere ebraico di Roma, Trastevere, Isola Tiberina","isPartOf":{"@id":"https:\/\/www.romeing.it\/shop\/it\/#website"},"primaryImageOfPage":{"@id":"https:\/\/www.romeing.it\/shop\/it\/prodotto\/tour-privato-quartiere-ebraico-di-roma-e-sinagoga\/#primaryimage"},"image":{"@id":"https:\/\/www.romeing.it\/shop\/it\/prodotto\/tour-privato-quartiere-ebraico-di-roma-e-sinagoga\/#primaryimage"},"thumbnailUrl":"https:\/\/www.romeing.it\/shop\/wp-content\/uploads\/2025\/07\/ponte-fabricio-roma-10.jpeg","datePublished":"2018-12-06T13:32:13+00:00","dateModified":"2025-08-19T11:18:06+00:00","description":"La visita guidata a Trastevere, Ghetto Ebraico e Isola Tiberina vi far\u00e0 esplorare la parte di Roma lontana dal traffico cittadino e dalle folle.","breadcrumb":{"@id":"https:\/\/www.romeing.it\/shop\/it\/prodotto\/tour-privato-quartiere-ebraico-di-roma-e-sinagoga\/#breadcrumb"},"inLanguage":"it-IT","potentialAction":[{"@type":"ReadAction","target":["https:\/\/www.romeing.it\/shop\/it\/prodotto\/tour-privato-quartiere-ebraico-di-roma-e-sinagoga\/"]}]},{"@type":"ImageObject","inLanguage":"it-IT","@id":"https:\/\/www.romeing.it\/shop\/it\/prodotto\/tour-privato-quartiere-ebraico-di-roma-e-sinagoga\/#primaryimage","url":"https:\/\/www.romeing.it\/shop\/wp-content\/uploads\/2025\/07\/ponte-fabricio-roma-10.jpeg","contentUrl":"https:\/\/www.romeing.it\/shop\/wp-content\/uploads\/2025\/07\/ponte-fabricio-roma-10.jpeg","width":960,"height":960,"caption":"Tour privato del quartiere ebraico di Roma + tour della Sinagoga"},{"@type":"BreadcrumbList","@id":"https:\/\/www.romeing.it\/shop\/it\/prodotto\/tour-privato-quartiere-ebraico-di-roma-e-sinagoga\/#breadcrumb","itemListElement":[{"@type":"ListItem","position":1,"name":"Home","item":"https:\/\/www.romeing.it\/shop\/it\/"},{"@type":"ListItem","position":2,"name":"Negozio","item":"https:\/\/www.romeing.it\/shop\/"},{"@type":"ListItem","position":3,"name":"Tour privato del quartiere ebraico di Roma, Trastevere, e Isola Tiberina"}]},{"@type":"WebSite","@id":"https:\/\/www.romeing.it\/shop\/it\/#website","url":"https:\/\/www.romeing.it\/shop\/it\/","name":"Romeing Shop","description":"Romeing Shop | Tours, Experiences and Airport Transfers in Rome, Florence and Italy","publisher":{"@id":"https:\/\/www.romeing.it\/shop\/it\/#organization"},"potentialAction":[{"@type":"SearchAction","target":{"@type":"EntryPoint","urlTemplate":"https:\/\/www.romeing.it\/shop\/it\/?s={search_term_string}"},"query-input":{"@type":"PropertyValueSpecification","valueRequired":true,"valueName":"search_term_string"}}],"inLanguage":"it-IT"},{"@type":"Organization","@id":"https:\/\/www.romeing.it\/shop\/it\/#organization","name":"Romeing Shop","url":"https:\/\/www.romeing.it\/shop\/it\/","logo":{"@type":"ImageObject","inLanguage":"it-IT","@id":"https:\/\/www.romeing.it\/shop\/it\/#\/schema\/logo\/image\/","url":"https:\/\/www.romeing.it\/shop\/wp-content\/uploads\/2025\/07\/logo-romeing-shop-sito.png","contentUrl":"https:\/\/www.romeing.it\/shop\/wp-content\/uploads\/2025\/07\/logo-romeing-shop-sito.png","width":360,"height":87,"caption":"Romeing Shop"},"image":{"@id":"https:\/\/www.romeing.it\/shop\/it\/#\/schema\/logo\/image\/"},"sameAs":["https:\/\/www.facebook.com\/Romeing.it","https:\/\/x.com\/romeing","https:\/\/www.linkedin.com\/company\/romeing-srl","https:\/\/www.pinterest.it\/romeing\/","https:\/\/www.instagram.com\/romeing_magazine\/","https:\/\/www.youtube.com\/romeingit","https:\/\/tiktok.com\/@romeing_magazine"]}]},"product_price_amount":"55.00","product_price_currency":"EUR","og_availability":"instock","product_availability":"instock","product_condition":"new"},"wcpa_form_fields":null,"_links":{"self":[{"href":"https:\/\/www.romeing.it\/shop\/it\/wp-json\/wp\/v2\/product\/20238","targetHints":{"allow":["GET"]}}],"collection":[{"href":"https:\/\/www.romeing.it\/shop\/it\/wp-json\/wp\/v2\/product"}],"about":[{"href":"https:\/\/www.romeing.it\/shop\/it\/wp-json\/wp\/v2\/types\/product"}],"replies":[{"embeddable":true,"href":"https:\/\/www.romeing.it\/shop\/it\/wp-json\/wp\/v2\/comments?post=20238"}],"wp:featuredmedia":[{"embeddable":true,"href":"https:\/\/www.romeing.it\/shop\/it\/wp-json\/wp\/v2\/media\/34292"}],"wp:attachment":[{"href":"https:\/\/www.romeing.it\/shop\/it\/wp-json\/wp\/v2\/media?parent=20238"}],"wp:term":[{"taxonomy":"product_brand","embeddable":true,"href":"https:\/\/www.romeing.it\/shop\/it\/wp-json\/wp\/v2\/product_brand?post=20238"},{"taxonomy":"product_cat","embeddable":true,"href":"https:\/\/www.romeing.it\/shop\/it\/wp-json\/wp\/v2\/product_cat?post=20238"},{"taxonomy":"product_tag","embeddable":true,"href":"https:\/\/www.romeing.it\/shop\/it\/wp-json\/wp\/v2\/product_tag?post=20238"}],"curies":[{"name":"wp","href":"https:\/\/api.w.org\/{rel}","templated":true}]}}