{"id":20696,"date":"2020-07-16T13:15:23","date_gmt":"2020-07-16T11:15:23","guid":{"rendered":"https:\/\/www.romeing.it\/shop\/product\/tour-caravaggio-roma\/"},"modified":"2025-08-01T16:31:00","modified_gmt":"2025-08-01T14:31:00","slug":"tour-caravaggio-roma","status":"publish","type":"product","link":"https:\/\/www.romeing.it\/shop\/it\/prodotto\/tour-caravaggio-roma\/","title":{"rendered":"Tour delle opere di Caravaggio + Laboratorio di Restauro"},"content":{"rendered":"<h2>Highlights<\/h2>\n<ul class=\"wcb-button cb-common check-button\">\n<li><span style=\"font-size: 16px;\">Visita guidata privata delle opere di Caravaggio a Roma<\/span><\/li>\n<li><span style=\"font-size: 16px;\">Visita le chiese di Roma per ammirare le famose opere d&#8217;arte di Caravaggio<\/span><\/li>\n<li><span style=\"font-size: 16px;\">Scopri gli artisti del periodo barocco romano<\/span><\/li>\n<li><span style=\"font-size: 16px;\">Scopri la storia, l&#8217;arte, le tecniche e molto altro<\/span><\/li>\n<li><span style=\"font-size: 16px;\">Il tour si completer\u00e0 con l&#8217;esperienza del laboratorio di restauro (accesso per un massimo di 6 persone)<\/span><\/li>\n<\/ul>\n<div>\n<h2>Cos&#8217;\u00e8 incluso<\/h2>\n<div class=\"ul-style check\">\n<ul class=\"wcb-button cb-common check-button\">\n<li><span style=\"font-size: 16px;\">Guida esperta<\/span><\/li>\n<li><span style=\"font-size: 16px;\">Laboratorio di restauro<\/span><\/li>\n<\/ul>\n<h2>Cos&#8217;\u00e8 escluso<\/h2>\n<ul class=\"wcb-button cb-common cross-button\">\n<li><span style=\"font-size: 16px;\">Biglietti d&#8217;ingresso<\/span><\/li>\n<li><span style=\"font-size: 16px;\">Mance<\/span><\/li>\n<\/ul>\n<\/div>\n<\/div>\n","protected":false},"excerpt":{"rendered":"<p class=\"p1\"><span style=\"font-size: 16px;\">Caravaggio \u00e8 senza dubbio il pittore pi\u00f9 eclettico del barocco: un genio pieno di oscurit\u00e0, che si riflette nelle sue opere. Scoprirai alcuni dei suoi capolavori in alcune piccole chiese di Roma, tra cui Santa Maria del Popolo, con la famosa Crocifissione di San Pietro, Sant&#8217;Agostino con la Madonna di Loreto, e infine nella chiesa che ospita la sua prima commissione pubblica, il ciclo di San Matteo. Per terminare, il tour verr\u00e0 completato con un laboratorio di restauro.<\/span><\/p>\n","protected":false},"featured_media":35382,"comment_status":"open","ping_status":"closed","template":"","meta":{"_jet_sm_ready_style":"","_jet_sm_style":"","_jet_sm_controls_values":"","_jet_sm_fonts_collection":"","_jet_sm_fonts_links":""},"product_brand":[],"product_cat":[1192,1181,1189,1182,1185,1183,1188],"product_tag":[],"class_list":{"0":"post-20696","1":"product","2":"type-product","3":"status-publish","4":"has-post-thumbnail","6":"product_cat-arte-e-artigianato","7":"product_cat-destinazioni","8":"product_cat-esperienze-a-roma","9":"product_cat-roma","10":"product_cat-tour-della-citta-roma","11":"product_cat-tour-di-roma","12":"product_cat-tour-privati-di-roma","14":"first","15":"instock","16":"virtual","17":"sold-individually","18":"purchasable","19":"product-type-booking"},"booking_location":"","booking_location_type":"","booking_duration":1,"booking_duration_unit":"day","booking_buffer":0,"booking_cost":0,"booking_resources":[],"exclude_global_add_ons":[],"addons":[],"yoast_head":"<!-- This site is optimized with the Yoast SEO Premium plugin v26.8 (Yoast SEO v27.3) - https:\/\/yoast.com\/product\/yoast-seo-premium-wordpress\/ -->\n<title>Tour di Caravaggio a Roma con Laboratorio di Restauro - Romeing Shop<\/title>\n<meta name=\"description\" content=\"Caravaggio \u00e8 senza dubbio il pittore pi\u00f9 eclettico del barocco. Scoprirai alcuni dei suoi capolavori in alcune delle chiese di Roma.\" \/>\n<meta name=\"robots\" content=\"index, follow, max-snippet:-1, max-image-preview:large, max-video-preview:-1\" \/>\n<link rel=\"canonical\" href=\"https:\/\/www.romeing.it\/shop\/it\/prodotto\/tour-caravaggio-roma\/\" \/>\n<meta property=\"og:locale\" content=\"it_IT\" \/>\n<meta property=\"og:type\" content=\"article\" \/>\n<meta property=\"og:title\" content=\"Tour di Caravaggio a Roma con Laboratorio di Restauro\" \/>\n<meta property=\"og:description\" content=\"Caravaggio \u00e8 senza dubbio il pittore pi\u00f9 eclettico del barocco. Scoprirai alcuni dei suoi capolavori in alcune delle chiese di Roma.\" \/>\n<meta property=\"og:url\" content=\"https:\/\/www.romeing.it\/shop\/it\/prodotto\/tour-caravaggio-roma\/\" \/>\n<meta property=\"og:site_name\" content=\"Romeing Shop\" \/>\n<meta property=\"article:publisher\" content=\"https:\/\/www.facebook.com\/Romeing.it\" \/>\n<meta property=\"article:modified_time\" content=\"2025-08-01T14:31:00+00:00\" \/>\n<meta name=\"twitter:card\" content=\"summary_large_image\" \/>\n<meta name=\"twitter:title\" content=\"Tour delle opere di Caravaggio + Laboratorio di Restauro\" \/>\n<meta name=\"twitter:image\" content=\"https:\/\/www.romeing.it\/shop\/wp-content\/uploads\/2025\/07\/caravaggio-tour-in-rome-with-exclusive-restoration-lab-access-7.jpg\" \/>\n<meta name=\"twitter:site\" content=\"@romeing\" \/>\n<meta name=\"twitter:label1\" content=\"Prezzo\" \/>\n\t<meta name=\"twitter:data1\" content=\"&euro;&nbsp;681,00\" \/>\n\t<meta name=\"twitter:label2\" content=\"Disponibilit\u00e0\" \/>\n\t<meta name=\"twitter:data2\" content=\"In stock\" \/>\n<script type=\"application\/ld+json\" class=\"yoast-schema-graph\">{\"@context\":\"https:\\\/\\\/schema.org\",\"@graph\":[{\"@type\":\"WebPage\",\"@id\":\"https:\\\/\\\/www.romeing.it\\\/shop\\\/it\\\/prodotto\\\/tour-caravaggio-roma\\\/\",\"url\":\"https:\\\/\\\/www.romeing.it\\\/shop\\\/it\\\/prodotto\\\/tour-caravaggio-roma\\\/\",\"name\":\"Tour di Caravaggio a Roma con Laboratorio di Restauro - Romeing Shop\",\"isPartOf\":{\"@id\":\"https:\\\/\\\/www.romeing.it\\\/shop\\\/it\\\/#website\"},\"primaryImageOfPage\":{\"@id\":\"https:\\\/\\\/www.romeing.it\\\/shop\\\/it\\\/prodotto\\\/tour-caravaggio-roma\\\/#primaryimage\"},\"image\":{\"@id\":\"https:\\\/\\\/www.romeing.it\\\/shop\\\/it\\\/prodotto\\\/tour-caravaggio-roma\\\/#primaryimage\"},\"thumbnailUrl\":\"https:\\\/\\\/www.romeing.it\\\/shop\\\/wp-content\\\/uploads\\\/2025\\\/07\\\/caravaggio-tour-in-rome-with-exclusive-restoration-lab-access-7.jpg\",\"datePublished\":\"2020-07-16T11:15:23+00:00\",\"dateModified\":\"2025-08-01T14:31:00+00:00\",\"description\":\"Caravaggio \u00e8 senza dubbio il pittore pi\u00f9 eclettico del barocco. Scoprirai alcuni dei suoi capolavori in alcune delle chiese di Roma.\",\"breadcrumb\":{\"@id\":\"https:\\\/\\\/www.romeing.it\\\/shop\\\/it\\\/prodotto\\\/tour-caravaggio-roma\\\/#breadcrumb\"},\"inLanguage\":\"it-IT\",\"potentialAction\":[{\"@type\":\"ReadAction\",\"target\":[\"https:\\\/\\\/www.romeing.it\\\/shop\\\/it\\\/prodotto\\\/tour-caravaggio-roma\\\/\"]}]},{\"@type\":\"ImageObject\",\"inLanguage\":\"it-IT\",\"@id\":\"https:\\\/\\\/www.romeing.it\\\/shop\\\/it\\\/prodotto\\\/tour-caravaggio-roma\\\/#primaryimage\",\"url\":\"https:\\\/\\\/www.romeing.it\\\/shop\\\/wp-content\\\/uploads\\\/2025\\\/07\\\/caravaggio-tour-in-rome-with-exclusive-restoration-lab-access-7.jpg\",\"contentUrl\":\"https:\\\/\\\/www.romeing.it\\\/shop\\\/wp-content\\\/uploads\\\/2025\\\/07\\\/caravaggio-tour-in-rome-with-exclusive-restoration-lab-access-7.jpg\",\"width\":737,\"height\":737,\"caption\":\"tour del caravaggio a Roma con accesso esclusivo al laboratorio di restauro\"},{\"@type\":\"BreadcrumbList\",\"@id\":\"https:\\\/\\\/www.romeing.it\\\/shop\\\/it\\\/prodotto\\\/tour-caravaggio-roma\\\/#breadcrumb\",\"itemListElement\":[{\"@type\":\"ListItem\",\"position\":1,\"name\":\"Home\",\"item\":\"https:\\\/\\\/www.romeing.it\\\/shop\\\/it\\\/\"},{\"@type\":\"ListItem\",\"position\":2,\"name\":\"Negozio\",\"item\":\"https:\\\/\\\/www.romeing.it\\\/shop\\\/shop\\\/\"},{\"@type\":\"ListItem\",\"position\":3,\"name\":\"Tour delle opere di Caravaggio + Laboratorio di Restauro\"}]},{\"@type\":\"WebSite\",\"@id\":\"https:\\\/\\\/www.romeing.it\\\/shop\\\/it\\\/#website\",\"url\":\"https:\\\/\\\/www.romeing.it\\\/shop\\\/it\\\/\",\"name\":\"Romeing Shop\",\"description\":\"Romeing Shop | Tours, Experiences and Airport Transfers in Rome, Florence and Italy\",\"publisher\":{\"@id\":\"https:\\\/\\\/www.romeing.it\\\/shop\\\/it\\\/#organization\"},\"potentialAction\":[{\"@type\":\"SearchAction\",\"target\":{\"@type\":\"EntryPoint\",\"urlTemplate\":\"https:\\\/\\\/www.romeing.it\\\/shop\\\/it\\\/?s={search_term_string}\"},\"query-input\":{\"@type\":\"PropertyValueSpecification\",\"valueRequired\":true,\"valueName\":\"search_term_string\"}}],\"inLanguage\":\"it-IT\"},{\"@type\":\"Organization\",\"@id\":\"https:\\\/\\\/www.romeing.it\\\/shop\\\/it\\\/#organization\",\"name\":\"Romeing Shop\",\"url\":\"https:\\\/\\\/www.romeing.it\\\/shop\\\/it\\\/\",\"logo\":{\"@type\":\"ImageObject\",\"inLanguage\":\"it-IT\",\"@id\":\"https:\\\/\\\/www.romeing.it\\\/shop\\\/it\\\/#\\\/schema\\\/logo\\\/image\\\/\",\"url\":\"https:\\\/\\\/www.romeing.it\\\/shop\\\/wp-content\\\/uploads\\\/2025\\\/07\\\/logo-romeing-shop-sito.png\",\"contentUrl\":\"https:\\\/\\\/www.romeing.it\\\/shop\\\/wp-content\\\/uploads\\\/2025\\\/07\\\/logo-romeing-shop-sito.png\",\"width\":360,\"height\":87,\"caption\":\"Romeing Shop\"},\"image\":{\"@id\":\"https:\\\/\\\/www.romeing.it\\\/shop\\\/it\\\/#\\\/schema\\\/logo\\\/image\\\/\"},\"sameAs\":[\"https:\\\/\\\/www.facebook.com\\\/Romeing.it\",\"https:\\\/\\\/x.com\\\/romeing\",\"https:\\\/\\\/www.linkedin.com\\\/company\\\/romeing-srl\",\"https:\\\/\\\/www.pinterest.it\\\/romeing\\\/\",\"https:\\\/\\\/www.instagram.com\\\/romeing_magazine\\\/\",\"https:\\\/\\\/www.youtube.com\\\/romeingit\",\"https:\\\/\\\/tiktok.com\\\/@romeing_magazine\"]}]}<\/script>\n<meta property=\"product:price:amount\" content=\"681.00\" \/>\n<meta property=\"product:price:currency\" content=\"EUR\" \/>\n<meta property=\"og:availability\" content=\"instock\" \/>\n<meta property=\"product:availability\" content=\"instock\" \/>\n<meta property=\"product:condition\" content=\"new\" \/>\n<!-- \/ Yoast SEO Premium plugin. -->","yoast_head_json":{"title":"Tour di Caravaggio a Roma con Laboratorio di Restauro - Romeing Shop","description":"Caravaggio \u00e8 senza dubbio il pittore pi\u00f9 eclettico del barocco. Scoprirai alcuni dei suoi capolavori in alcune delle chiese di Roma.","robots":{"index":"index","follow":"follow","max-snippet":"max-snippet:-1","max-image-preview":"max-image-preview:large","max-video-preview":"max-video-preview:-1"},"canonical":"https:\/\/www.romeing.it\/shop\/it\/prodotto\/tour-caravaggio-roma\/","og_locale":"it_IT","og_type":"article","og_title":"Tour di Caravaggio a Roma con Laboratorio di Restauro","og_description":"Caravaggio \u00e8 senza dubbio il pittore pi\u00f9 eclettico del barocco. Scoprirai alcuni dei suoi capolavori in alcune delle chiese di Roma.","og_url":"https:\/\/www.romeing.it\/shop\/it\/prodotto\/tour-caravaggio-roma\/","og_site_name":"Romeing Shop","article_publisher":"https:\/\/www.facebook.com\/Romeing.it","article_modified_time":"2025-08-01T14:31:00+00:00","twitter_card":"summary_large_image","twitter_title":"Tour delle opere di Caravaggio + Laboratorio di Restauro","twitter_image":"https:\/\/www.romeing.it\/shop\/wp-content\/uploads\/2025\/07\/caravaggio-tour-in-rome-with-exclusive-restoration-lab-access-7.jpg","twitter_site":"@romeing","twitter_misc":{"Prezzo":"&euro;&nbsp;681,00","Disponibilit\u00e0":"In stock"},"schema":{"@context":"https:\/\/schema.org","@graph":[{"@type":"WebPage","@id":"https:\/\/www.romeing.it\/shop\/it\/prodotto\/tour-caravaggio-roma\/","url":"https:\/\/www.romeing.it\/shop\/it\/prodotto\/tour-caravaggio-roma\/","name":"Tour di Caravaggio a Roma con Laboratorio di Restauro - Romeing Shop","isPartOf":{"@id":"https:\/\/www.romeing.it\/shop\/it\/#website"},"primaryImageOfPage":{"@id":"https:\/\/www.romeing.it\/shop\/it\/prodotto\/tour-caravaggio-roma\/#primaryimage"},"image":{"@id":"https:\/\/www.romeing.it\/shop\/it\/prodotto\/tour-caravaggio-roma\/#primaryimage"},"thumbnailUrl":"https:\/\/www.romeing.it\/shop\/wp-content\/uploads\/2025\/07\/caravaggio-tour-in-rome-with-exclusive-restoration-lab-access-7.jpg","datePublished":"2020-07-16T11:15:23+00:00","dateModified":"2025-08-01T14:31:00+00:00","description":"Caravaggio \u00e8 senza dubbio il pittore pi\u00f9 eclettico del barocco. Scoprirai alcuni dei suoi capolavori in alcune delle chiese di Roma.","breadcrumb":{"@id":"https:\/\/www.romeing.it\/shop\/it\/prodotto\/tour-caravaggio-roma\/#breadcrumb"},"inLanguage":"it-IT","potentialAction":[{"@type":"ReadAction","target":["https:\/\/www.romeing.it\/shop\/it\/prodotto\/tour-caravaggio-roma\/"]}]},{"@type":"ImageObject","inLanguage":"it-IT","@id":"https:\/\/www.romeing.it\/shop\/it\/prodotto\/tour-caravaggio-roma\/#primaryimage","url":"https:\/\/www.romeing.it\/shop\/wp-content\/uploads\/2025\/07\/caravaggio-tour-in-rome-with-exclusive-restoration-lab-access-7.jpg","contentUrl":"https:\/\/www.romeing.it\/shop\/wp-content\/uploads\/2025\/07\/caravaggio-tour-in-rome-with-exclusive-restoration-lab-access-7.jpg","width":737,"height":737,"caption":"tour del caravaggio a Roma con accesso esclusivo al laboratorio di restauro"},{"@type":"BreadcrumbList","@id":"https:\/\/www.romeing.it\/shop\/it\/prodotto\/tour-caravaggio-roma\/#breadcrumb","itemListElement":[{"@type":"ListItem","position":1,"name":"Home","item":"https:\/\/www.romeing.it\/shop\/it\/"},{"@type":"ListItem","position":2,"name":"Negozio","item":"https:\/\/www.romeing.it\/shop\/shop\/"},{"@type":"ListItem","position":3,"name":"Tour delle opere di Caravaggio + Laboratorio di Restauro"}]},{"@type":"WebSite","@id":"https:\/\/www.romeing.it\/shop\/it\/#website","url":"https:\/\/www.romeing.it\/shop\/it\/","name":"Romeing Shop","description":"Romeing Shop | Tours, Experiences and Airport Transfers in Rome, Florence and Italy","publisher":{"@id":"https:\/\/www.romeing.it\/shop\/it\/#organization"},"potentialAction":[{"@type":"SearchAction","target":{"@type":"EntryPoint","urlTemplate":"https:\/\/www.romeing.it\/shop\/it\/?s={search_term_string}"},"query-input":{"@type":"PropertyValueSpecification","valueRequired":true,"valueName":"search_term_string"}}],"inLanguage":"it-IT"},{"@type":"Organization","@id":"https:\/\/www.romeing.it\/shop\/it\/#organization","name":"Romeing Shop","url":"https:\/\/www.romeing.it\/shop\/it\/","logo":{"@type":"ImageObject","inLanguage":"it-IT","@id":"https:\/\/www.romeing.it\/shop\/it\/#\/schema\/logo\/image\/","url":"https:\/\/www.romeing.it\/shop\/wp-content\/uploads\/2025\/07\/logo-romeing-shop-sito.png","contentUrl":"https:\/\/www.romeing.it\/shop\/wp-content\/uploads\/2025\/07\/logo-romeing-shop-sito.png","width":360,"height":87,"caption":"Romeing Shop"},"image":{"@id":"https:\/\/www.romeing.it\/shop\/it\/#\/schema\/logo\/image\/"},"sameAs":["https:\/\/www.facebook.com\/Romeing.it","https:\/\/x.com\/romeing","https:\/\/www.linkedin.com\/company\/romeing-srl","https:\/\/www.pinterest.it\/romeing\/","https:\/\/www.instagram.com\/romeing_magazine\/","https:\/\/www.youtube.com\/romeingit","https:\/\/tiktok.com\/@romeing_magazine"]}]},"product_price_amount":"681.00","product_price_currency":"EUR","og_availability":"instock","product_availability":"instock","product_condition":"new"},"wcpa_form_fields":null,"_links":{"self":[{"href":"https:\/\/www.romeing.it\/shop\/it\/wp-json\/wp\/v2\/product\/20696","targetHints":{"allow":["GET"]}}],"collection":[{"href":"https:\/\/www.romeing.it\/shop\/it\/wp-json\/wp\/v2\/product"}],"about":[{"href":"https:\/\/www.romeing.it\/shop\/it\/wp-json\/wp\/v2\/types\/product"}],"replies":[{"embeddable":true,"href":"https:\/\/www.romeing.it\/shop\/it\/wp-json\/wp\/v2\/comments?post=20696"}],"wp:featuredmedia":[{"embeddable":true,"href":"https:\/\/www.romeing.it\/shop\/it\/wp-json\/wp\/v2\/media\/35382"}],"wp:attachment":[{"href":"https:\/\/www.romeing.it\/shop\/it\/wp-json\/wp\/v2\/media?parent=20696"}],"wp:term":[{"taxonomy":"product_brand","embeddable":true,"href":"https:\/\/www.romeing.it\/shop\/it\/wp-json\/wp\/v2\/product_brand?post=20696"},{"taxonomy":"product_cat","embeddable":true,"href":"https:\/\/www.romeing.it\/shop\/it\/wp-json\/wp\/v2\/product_cat?post=20696"},{"taxonomy":"product_tag","embeddable":true,"href":"https:\/\/www.romeing.it\/shop\/it\/wp-json\/wp\/v2\/product_tag?post=20696"}],"curies":[{"name":"wp","href":"https:\/\/api.w.org\/{rel}","templated":true}]}}